{"id":11889,"date":"2026-01-12T13:41:57","date_gmt":"2026-01-12T13:41:57","guid":{"rendered":"https:\/\/nextfootballstars.com\/?page_id=11889"},"modified":"2026-01-12T13:44:08","modified_gmt":"2026-01-12T13:44:08","slug":"nordrhein-westfalen","status":"publish","type":"page","link":"https:\/\/nextfootballstars.com\/de\/nemacka\/nordrhein-westfalen\/","title":{"rendered":"Nordrhein-Westfalen"},"content":{"rendered":"\t\t<div data-elementor-type=\"wp-page\" data-elementor-id=\"11889\" class=\"elementor elementor-11889\" data-elementor-post-type=\"page\">\n\t\t\t\t<div data-particle_enable=\"false\" data-particle-mobile-disabled=\"false\" class=\"elementor-element elementor-element-67e13dc e-flex e-con-boxed e-con e-parent\" data-id=\"67e13dc\" data-element_type=\"container\" data-e-type=\"container\" data-settings=\"{&quot;background_background&quot;:&quot;gradient&quot;}\">\n\t\t\t\t\t<div class=\"e-con-inner\">\n\t\t<div data-particle_enable=\"false\" data-particle-mobile-disabled=\"false\" class=\"elementor-element elementor-element-ec8572c e-con-full e-flex e-con e-child\" data-id=\"ec8572c\" data-element_type=\"container\" data-e-type=\"container\">\n\t\t\t\t<div class=\"elementor-element elementor-element-80c0561 at-heading-animation at-animation-heading-style-2 elementor-widget elementor-widget-heading\" data-id=\"80c0561\" data-element_type=\"widget\" data-e-type=\"widget\" data-settings=\"{&quot;ekit_we_effect_on&quot;:&quot;none&quot;}\" data-widget_type=\"heading.default\">\n\t\t\t\t\t<h1 class=\"elementor-heading-title elementor-size-default\">\u0160kole fudbala u Nordrhein-Westfalen<\/h1>\t\t\t\t<\/div>\n\t\t\t\t<div class=\"elementor-element elementor-element-33cde0b elementor-hidden-desktop elementor-hidden-tablet elementor-hidden-mobile elementor-invisible elementor-widget elementor-widget-footclub-breadcrumb\" data-id=\"33cde0b\" data-element_type=\"widget\" data-e-type=\"widget\" data-settings=\"{&quot;_animation&quot;:&quot;fadeInUp&quot;,&quot;ekit_we_effect_on&quot;:&quot;none&quot;}\" data-widget_type=\"footclub-breadcrumb.default\">\n\t\t\t\t<div class=\"elementor-widget-container\">\n\t\t\t\t\t<div role=\"navigation\" aria-label=\"Drobtine\" class=\"breadcrumb-trail breadcrumbs\"><ol class=\"trail-items\"><li class=\"trail-item trail-begin\"><a href=\"https:\/\/nextfootballstars.com\/sl\/\" rel=\"home\"><span>Domov<\/span><\/a><\/li><li class=\"trail-item\"><a href=\"https:\/\/nextfootballstars.com\/sl\/nemski\/\"><span>Nema\u010dka<\/span><\/a><\/li><li class=\"trail-item trail-end\"><span><span>Nordrhein-Westfalen<\/span><\/span><\/li><\/ol><\/div>\t\t\t\t<\/div>\n\t\t\t\t<\/div>\n\t\t\t\t<\/div>\n\t\t\t\t\t<\/div>\n\t\t\t\t<\/div>\n\t\t<div data-particle_enable=\"false\" data-particle-mobile-disabled=\"false\" class=\"elementor-element elementor-element-c915edc e-flex e-con-boxed e-con e-parent\" data-id=\"c915edc\" data-element_type=\"container\" data-e-type=\"container\">\n\t\t\t\t\t<div class=\"e-con-inner\">\n\t\t\t\t<div class=\"elementor-element elementor-element-b3f8f35 elementor-grid-4 elementor-grid-tablet-2 elementor-grid-mobile-1 elementor-widget elementor-widget-loop-grid\" data-id=\"b3f8f35\" data-element_type=\"widget\" data-e-type=\"widget\" data-settings=\"{&quot;template_id&quot;:&quot;7356&quot;,&quot;columns&quot;:4,&quot;pagination_type&quot;:&quot;load_more_on_click&quot;,&quot;_skin&quot;:&quot;post&quot;,&quot;columns_tablet&quot;:&quot;2&quot;,&quot;columns_mobile&quot;:&quot;1&quot;,&quot;edit_handle_selector&quot;:&quot;[data-elementor-type=\\&quot;loop-item\\&quot;]&quot;,&quot;load_more_spinner&quot;:{&quot;value&quot;:&quot;fas fa-spinner&quot;,&quot;library&quot;:&quot;fa-solid&quot;},&quot;row_gap&quot;:{&quot;unit&quot;:&quot;px&quot;,&quot;size&quot;:&quot;&quot;,&quot;sizes&quot;:[]},&quot;row_gap_tablet&quot;:{&quot;unit&quot;:&quot;px&quot;,&quot;size&quot;:&quot;&quot;,&quot;sizes&quot;:[]},&quot;row_gap_mobile&quot;:{&quot;unit&quot;:&quot;px&quot;,&quot;size&quot;:&quot;&quot;,&quot;sizes&quot;:[]},&quot;ekit_we_effect_on&quot;:&quot;none&quot;}\" data-widget_type=\"loop-grid.post\">\n\t\t\t\t<div class=\"elementor-widget-container\">\n\t\t\t\t\t\t\t<div class=\"elementor-loop-container elementor-grid\" role=\"list\">\n\t\t<style id=\"loop-7356\">.elementor-widget-container .eael-protected-content-message{font-family:var( --e-global-typography-secondary-font-family ), Sans-serif;font-size:var( --e-global-typography-secondary-font-size );font-weight:var( --e-global-typography-secondary-font-weight );line-height:var( --e-global-typography-secondary-line-height );}.elementor-widget-container .protected-content-error-msg{font-family:var( --e-global-typography-secondary-font-family ), Sans-serif;font-size:var( --e-global-typography-secondary-font-size );font-weight:var( --e-global-typography-secondary-font-weight );line-height:var( --e-global-typography-secondary-line-height );}.elementor-7356 .elementor-element.elementor-element-485d454{--display:flex;--flex-direction:column;--container-widget-width:calc( ( 1 - var( --container-widget-flex-grow ) ) * 100% );--container-widget-height:initial;--container-widget-flex-grow:0;--container-widget-align-self:initial;--flex-wrap-mobile:wrap;--align-items:stretch;border-style:solid;--border-style:solid;border-width:1px 1px 1px 1px;--border-top-width:1px;--border-right-width:1px;--border-bottom-width:1px;--border-left-width:1px;border-color:#E5E7EB;--border-color:#E5E7EB;--border-radius:14px 14px 14px 14px;--margin-top:0px;--margin-bottom:0px;--margin-left:0px;--margin-right:0px;--padding-top:20px;--padding-bottom:20px;--padding-left:20px;--padding-right:20px;overflow:visible;}.elementor-7356 .elementor-element.elementor-element-485d454:not(.elementor-motion-effects-element-type-background), .elementor-7356 .elementor-element.elementor-element-485d454 > .elementor-motion-effects-container > .elementor-motion-effects-layer{background-color:#F9FAFB;}.elementor-widget-image .widget-image-caption{color:var( --e-global-color-text );font-family:var( --e-global-typography-text-font-family ), Sans-serif;font-size:var( --e-global-typography-text-font-size );font-weight:var( --e-global-typography-text-font-weight );line-height:var( --e-global-typography-text-line-height );}.elementor-widget-image .eael-protected-content-message{font-family:var( --e-global-typography-secondary-font-family ), Sans-serif;font-size:var( --e-global-typography-secondary-font-size );font-weight:var( --e-global-typography-secondary-font-weight );line-height:var( --e-global-typography-secondary-line-height );}.elementor-widget-image .protected-content-error-msg{font-family:var( --e-global-typography-secondary-font-family ), Sans-serif;font-size:var( --e-global-typography-secondary-font-size );font-weight:var( --e-global-typography-secondary-font-weight );line-height:var( --e-global-typography-secondary-line-height );}.elementor-7356 .elementor-element.elementor-element-bb61189{text-align:center;}.elementor-7356 .elementor-element.elementor-element-bb61189 img{max-width:70%;}.elementor-widget-heading .elementor-heading-title{font-family:var( --e-global-typography-primary-font-family ), Sans-serif;font-size:var( --e-global-typography-primary-font-size );font-weight:var( --e-global-typography-primary-font-weight );line-height:var( --e-global-typography-primary-line-height );color:var( --e-global-color-primary );}.elementor-widget-heading .eael-protected-content-message{font-family:var( --e-global-typography-secondary-font-family ), Sans-serif;font-size:var( --e-global-typography-secondary-font-size );font-weight:var( --e-global-typography-secondary-font-weight );line-height:var( --e-global-typography-secondary-line-height );}.elementor-widget-heading .protected-content-error-msg{font-family:var( --e-global-typography-secondary-font-family ), Sans-serif;font-size:var( --e-global-typography-secondary-font-size );font-weight:var( --e-global-typography-secondary-font-weight );line-height:var( --e-global-typography-secondary-line-height );}.elementor-7356 .elementor-element.elementor-element-dbcce02{text-align:center;}.elementor-7356 .elementor-element.elementor-element-dbcce02 .elementor-heading-title{font-family:\"Bebas Neue\", Sans-serif;font-size:34px;font-weight:400;line-height:1.1em;color:#13294B;}.elementor-7356 .elementor-element.elementor-element-dbcce02 .elementor-heading-title a:hover, .elementor-7356 .elementor-element.elementor-element-dbcce02 .elementor-heading-title a:focus{color:#947848;}.elementor-widget-text-editor{font-family:var( --e-global-typography-text-font-family ), Sans-serif;font-size:var( --e-global-typography-text-font-size );font-weight:var( --e-global-typography-text-font-weight );line-height:var( --e-global-typography-text-line-height );color:var( --e-global-color-text );}.elementor-widget-text-editor.elementor-drop-cap-view-stacked .elementor-drop-cap{background-color:var( --e-global-color-primary );}.elementor-widget-text-editor.elementor-drop-cap-view-framed .elementor-drop-cap, .elementor-widget-text-editor.elementor-drop-cap-view-default .elementor-drop-cap{color:var( --e-global-color-primary );border-color:var( --e-global-color-primary );}.elementor-widget-text-editor .eael-protected-content-message{font-family:var( --e-global-typography-secondary-font-family ), Sans-serif;font-size:var( --e-global-typography-secondary-font-size );font-weight:var( --e-global-typography-secondary-font-weight );line-height:var( --e-global-typography-secondary-line-height );}.elementor-widget-text-editor .protected-content-error-msg{font-family:var( --e-global-typography-secondary-font-family ), Sans-serif;font-size:var( --e-global-typography-secondary-font-size );font-weight:var( --e-global-typography-secondary-font-weight );line-height:var( --e-global-typography-secondary-line-height );}.elementor-7356 .elementor-element.elementor-element-a34095f{font-family:\"Manrope\", Sans-serif;font-size:16px;font-weight:400;line-height:1em;}.elementor-7356 .elementor-element.elementor-element-d781ace{text-align:center;}@media(max-width:1024px){.elementor-widget-container .eael-protected-content-message{font-size:var( --e-global-typography-secondary-font-size );line-height:var( --e-global-typography-secondary-line-height );}.elementor-widget-container .protected-content-error-msg{font-size:var( --e-global-typography-secondary-font-size );line-height:var( --e-global-typography-secondary-line-height );}.elementor-widget-image .widget-image-caption{font-size:var( --e-global-typography-text-font-size );line-height:var( --e-global-typography-text-line-height );}.elementor-widget-image .eael-protected-content-message{font-size:var( --e-global-typography-secondary-font-size );line-height:var( --e-global-typography-secondary-line-height );}.elementor-widget-image .protected-content-error-msg{font-size:var( --e-global-typography-secondary-font-size );line-height:var( --e-global-typography-secondary-line-height );}.elementor-widget-heading .elementor-heading-title{font-size:var( --e-global-typography-primary-font-size );line-height:var( --e-global-typography-primary-line-height );}.elementor-widget-heading .eael-protected-content-message{font-size:var( --e-global-typography-secondary-font-size );line-height:var( --e-global-typography-secondary-line-height );}.elementor-widget-heading .protected-content-error-msg{font-size:var( --e-global-typography-secondary-font-size );line-height:var( --e-global-typography-secondary-line-height );}.elementor-7356 .elementor-element.elementor-element-dbcce02 .elementor-heading-title{font-size:40px;}.elementor-widget-text-editor{font-size:var( --e-global-typography-text-font-size );line-height:var( --e-global-typography-text-line-height );}.elementor-widget-text-editor .eael-protected-content-message{font-size:var( --e-global-typography-secondary-font-size );line-height:var( --e-global-typography-secondary-line-height );}.elementor-widget-text-editor .protected-content-error-msg{font-size:var( --e-global-typography-secondary-font-size );line-height:var( --e-global-typography-secondary-line-height );}}@media(max-width:767px){.elementor-widget-container .eael-protected-content-message{font-size:var( --e-global-typography-secondary-font-size );line-height:var( --e-global-typography-secondary-line-height );}.elementor-widget-container .protected-content-error-msg{font-size:var( --e-global-typography-secondary-font-size );line-height:var( --e-global-typography-secondary-line-height );}.elementor-7356 .elementor-element.elementor-element-485d454{--width:90%;--margin-top:0px;--margin-bottom:0px;--margin-left:20px;--margin-right:20px;}.elementor-widget-image .widget-image-caption{font-size:var( --e-global-typography-text-font-size );line-height:var( --e-global-typography-text-line-height );}.elementor-widget-image .eael-protected-content-message{font-size:var( --e-global-typography-secondary-font-size );line-height:var( --e-global-typography-secondary-line-height );}.elementor-widget-image .protected-content-error-msg{font-size:var( --e-global-typography-secondary-font-size );line-height:var( --e-global-typography-secondary-line-height );}.elementor-7356 .elementor-element.elementor-element-bb61189{text-align:center;padding:0px 0px 0px 0px;}.elementor-7356 .elementor-element.elementor-element-bb61189 img{max-width:220px;}.elementor-widget-heading .elementor-heading-title{font-size:var( --e-global-typography-primary-font-size );line-height:var( --e-global-typography-primary-line-height );}.elementor-widget-heading .eael-protected-content-message{font-size:var( --e-global-typography-secondary-font-size );line-height:var( --e-global-typography-secondary-line-height );}.elementor-widget-heading .protected-content-error-msg{font-size:var( --e-global-typography-secondary-font-size );line-height:var( --e-global-typography-secondary-line-height );}.elementor-7356 .elementor-element.elementor-element-dbcce02 .elementor-heading-title{font-size:28px;}.elementor-widget-text-editor{font-size:var( --e-global-typography-text-font-size );line-height:var( --e-global-typography-text-line-height );}.elementor-widget-text-editor .eael-protected-content-message{font-size:var( --e-global-typography-secondary-font-size );line-height:var( --e-global-typography-secondary-line-height );}.elementor-widget-text-editor .protected-content-error-msg{font-size:var( --e-global-typography-secondary-font-size );line-height:var( --e-global-typography-secondary-line-height );}}<\/style>\t\t<div data-elementor-type=\"loop-item\" data-elementor-id=\"7356\" class=\"elementor elementor-7356 e-loop-item e-loop-item-16243 post-16243 skola_fudbala type-skola_fudbala status-publish hentry drzava-nemacka region-nordrhein-westfalen grad-monchengladbach\" data-elementor-post-type=\"elementor_library\" data-custom-edit-handle=\"1\">\n\t\t\t<div data-particle_enable=\"false\" data-particle-mobile-disabled=\"false\" class=\"elementor-element elementor-element-485d454 e-con-full e-flex e-con e-parent\" data-id=\"485d454\" data-element_type=\"container\" data-e-type=\"container\" data-settings=\"{&quot;background_background&quot;:&quot;classic&quot;}\">\n\t\t\t\t<div class=\"elementor-element elementor-element-bb61189 at-image-animation at-animation-image-none at-none elementor-widget elementor-widget-image\" data-id=\"bb61189\" data-element_type=\"widget\" data-e-type=\"widget\" data-settings=\"{&quot;ekit_we_effect_on&quot;:&quot;none&quot;}\" data-widget_type=\"image.default\">\n\t\t\t\t\t\t\t\t\t\t\t\t\t\t\t\t<a href=\"https:\/\/nextfootballstars.com\/de\/skola_fudbala\/borussia-monchengladbach\/\">\n\t\t\t\t\t\t\t<img fetchpriority=\"high\" decoding=\"async\" width=\"500\" height=\"500\" src=\"https:\/\/nextfootballstars.com\/wp-content\/uploads\/2026\/02\/borussia-monchengladbach-logo.webp\" class=\"attachment-large size-large wp-image-16244\" alt=\"\" srcset=\"https:\/\/nextfootballstars.com\/wp-content\/uploads\/2026\/02\/borussia-monchengladbach-logo.webp 500w, https:\/\/nextfootballstars.com\/wp-content\/uploads\/2026\/02\/borussia-monchengladbach-logo-300x300.webp 300w, https:\/\/nextfootballstars.com\/wp-content\/uploads\/2026\/02\/borussia-monchengladbach-logo-150x150.webp 150w, https:\/\/nextfootballstars.com\/wp-content\/uploads\/2026\/02\/borussia-monchengladbach-logo-12x12.webp 12w, https:\/\/nextfootballstars.com\/wp-content\/uploads\/2026\/02\/borussia-monchengladbach-logo-100x100.webp 100w\" sizes=\"(max-width: 500px) 100vw, 500px\" \/>\t\t\t\t\t\t\t\t<\/a>\n\t\t\t\t\t\t\t\t\t\t\t\t\t\t\t<\/div>\n\t\t\t\t<div class=\"elementor-element elementor-element-dbcce02 at-heading-animation at-animation-heading-none elementor-widget elementor-widget-heading\" data-id=\"dbcce02\" data-element_type=\"widget\" data-e-type=\"widget\" data-settings=\"{&quot;ekit_we_effect_on&quot;:&quot;none&quot;}\" data-widget_type=\"heading.default\">\n\t\t\t\t\t<h2 class=\"elementor-heading-title elementor-size-default\"><a href=\"https:\/\/nextfootballstars.com\/de\/skola_fudbala\/borussia-monchengladbach\/\">Borussia m\u00f6nchengladbach<\/a><\/h2>\t\t\t\t<\/div>\n\t\t\t\t<div class=\"elementor-element elementor-element-a34095f elementor-hidden-desktop elementor-hidden-tablet elementor-hidden-mobile elementor-widget elementor-widget-text-editor\" data-id=\"a34095f\" data-element_type=\"widget\" data-e-type=\"widget\" data-settings=\"{&quot;ekit_we_effect_on&quot;:&quot;none&quot;}\" data-widget_type=\"text-editor.default\">\n\t\t\t\t\t\t\t\t\t<p><strong>Borussia M\u00f6nchengladbach<\/strong>, osnovana 1. avgusta 1900. godine, predstavlja jedan od najprepoznatljivijih i najcenjenijih fudbalskih kolektiva u Nema\u010dkoj. Poznat po nadimku &#8222;Die Fohlen&#8220;<\/p>\n\t\t\t\t\t\t\t\t<\/div>\n\t\t\t\t<\/div>\n\t\t\t\t<\/div>\n\t\t\t\t<div data-elementor-type=\"loop-item\" data-elementor-id=\"7356\" class=\"elementor elementor-7356 e-loop-item e-loop-item-11787 post-11787 skola_fudbala type-skola_fudbala status-publish hentry drzava-nemacka region-nordrhein-westfalen grad-eitorf\" data-elementor-post-type=\"elementor_library\" data-custom-edit-handle=\"1\">\n\t\t\t<div data-particle_enable=\"false\" data-particle-mobile-disabled=\"false\" class=\"elementor-element elementor-element-485d454 e-con-full e-flex e-con e-parent\" data-id=\"485d454\" data-element_type=\"container\" data-e-type=\"container\" data-settings=\"{&quot;background_background&quot;:&quot;classic&quot;}\">\n\t\t\t\t<div class=\"elementor-element elementor-element-bb61189 at-image-animation at-animation-image-none at-none elementor-widget elementor-widget-image\" data-id=\"bb61189\" data-element_type=\"widget\" data-e-type=\"widget\" data-settings=\"{&quot;ekit_we_effect_on&quot;:&quot;none&quot;}\" data-widget_type=\"image.default\">\n\t\t\t\t\t\t\t\t\t\t\t\t\t\t\t\t<a href=\"https:\/\/nextfootballstars.com\/de\/skola_fudbala\/vfl-hamm-1883-e-v\/\">\n\t\t\t\t\t\t\t<img decoding=\"async\" width=\"500\" height=\"500\" src=\"https:\/\/nextfootballstars.com\/wp-content\/uploads\/2026\/01\/FC-VFL-Hamm-Sieg.webp\" class=\"attachment-large size-large wp-image-11989\" alt=\"\" srcset=\"https:\/\/nextfootballstars.com\/wp-content\/uploads\/2026\/01\/FC-VFL-Hamm-Sieg.webp 500w, https:\/\/nextfootballstars.com\/wp-content\/uploads\/2026\/01\/FC-VFL-Hamm-Sieg-300x300.webp 300w, https:\/\/nextfootballstars.com\/wp-content\/uploads\/2026\/01\/FC-VFL-Hamm-Sieg-150x150.webp 150w, https:\/\/nextfootballstars.com\/wp-content\/uploads\/2026\/01\/FC-VFL-Hamm-Sieg-12x12.webp 12w, https:\/\/nextfootballstars.com\/wp-content\/uploads\/2026\/01\/FC-VFL-Hamm-Sieg-100x100.webp 100w\" sizes=\"(max-width: 500px) 100vw, 500px\" \/>\t\t\t\t\t\t\t\t<\/a>\n\t\t\t\t\t\t\t\t\t\t\t\t\t\t\t<\/div>\n\t\t\t\t<div class=\"elementor-element elementor-element-dbcce02 at-heading-animation at-animation-heading-none elementor-widget elementor-widget-heading\" data-id=\"dbcce02\" data-element_type=\"widget\" data-e-type=\"widget\" data-settings=\"{&quot;ekit_we_effect_on&quot;:&quot;none&quot;}\" data-widget_type=\"heading.default\">\n\t\t\t\t\t<h2 class=\"elementor-heading-title elementor-size-default\"><a href=\"https:\/\/nextfootballstars.com\/de\/skola_fudbala\/vfl-hamm-1883-e-v\/\">VfL Hamm 1883 E.V<\/a><\/h2>\t\t\t\t<\/div>\n\t\t\t\t<div class=\"elementor-element elementor-element-a34095f elementor-hidden-desktop elementor-hidden-tablet elementor-hidden-mobile elementor-widget elementor-widget-text-editor\" data-id=\"a34095f\" data-element_type=\"widget\" data-e-type=\"widget\" data-settings=\"{&quot;ekit_we_effect_on&quot;:&quot;none&quot;}\" data-widget_type=\"text-editor.default\">\n\t\t\t\t\t\t\t\t\t<p>VfL Hamm\/Sieg je nema\u010dki fudbalski klub iz grada Hamm u pokrajini Rajnland-Pfalc. Najve\u0107i uspeh kluba bila je promocija u tre\u0107i rang takmi\u010denja Oberliga S\u00fcdwest, 1982. i 1985. godine. Klub je na tom nivou proveo devetnaest sezona, sve do ispadanja 2003. godine.<\/p>\n\t\t\t\t\t\t\t\t<\/div>\n\t\t\t\t<\/div>\n\t\t\t\t<\/div>\n\t\t\t\t<\/div>\n\t\t\t\t\t<span class=\"e-load-more-spinner\">\n\t\t\t\t<svg aria-hidden=\"true\" class=\"e-font-icon-svg e-fas-spinner\" viewBox=\"0 0 512 512\" xmlns=\"http:\/\/www.w3.org\/2000\/svg\"><path d=\"M304 48c0 26.51-21.49 48-48 48s-48-21.49-48-48 21.49-48 48-48 48 21.49 48 48zm-48 368c-26.51 0-48 21.49-48 48s21.49 48 48 48 48-21.49 48-48-21.49-48-48-48zm208-208c-26.51 0-48 21.49-48 48s21.49 48 48 48 48-21.49 48-48-21.49-48-48-48zM96 256c0-26.51-21.49-48-48-48S0 229.49 0 256s21.49 48 48 48 48-21.49 48-48zm12.922 99.078c-26.51 0-48 21.49-48 48s21.49 48 48 48 48-21.49 48-48c0-26.509-21.491-48-48-48zm294.156 0c-26.51 0-48 21.49-48 48s21.49 48 48 48 48-21.49 48-48c0-26.509-21.49-48-48-48zM108.922 60.922c-26.51 0-48 21.49-48 48s21.49 48 48 48 48-21.49 48-48-21.491-48-48-48z\"><\/path><\/svg>\t\t\t<\/span>\n\t\t\n\t\t\t\t\t\t<\/div>\n\t\t\t\t<\/div>\n\t\t\t\t\t<\/div>\n\t\t\t\t<\/div>\n\t\t\t\t<\/div>\n\t\t","protected":false},"excerpt":{"rendered":"<p>\u0160kole fudbala u Nordrhein-Westfalen Home<\/p>","protected":false},"author":1,"featured_media":0,"parent":11606,"menu_order":0,"comment_status":"closed","ping_status":"closed","template":"elementor_header_footer","meta":{"_acf_changed":false,"footnotes":""},"class_list":["post-11889","page","type-page","status-publish","hentry"],"acf":[],"_links":{"self":[{"href":"https:\/\/nextfootballstars.com\/de\/wp-json\/wp\/v2\/pages\/11889","targetHints":{"allow":["GET"]}}],"collection":[{"href":"https:\/\/nextfootballstars.com\/de\/wp-json\/wp\/v2\/pages"}],"about":[{"href":"https:\/\/nextfootballstars.com\/de\/wp-json\/wp\/v2\/types\/page"}],"author":[{"embeddable":true,"href":"https:\/\/nextfootballstars.com\/de\/wp-json\/wp\/v2\/users\/1"}],"replies":[{"embeddable":true,"href":"https:\/\/nextfootballstars.com\/de\/wp-json\/wp\/v2\/comments?post=11889"}],"version-history":[{"count":0,"href":"https:\/\/nextfootballstars.com\/de\/wp-json\/wp\/v2\/pages\/11889\/revisions"}],"up":[{"embeddable":true,"href":"https:\/\/nextfootballstars.com\/de\/wp-json\/wp\/v2\/pages\/11606"}],"wp:attachment":[{"href":"https:\/\/nextfootballstars.com\/de\/wp-json\/wp\/v2\/media?parent=11889"}],"curies":[{"name":"wp","href":"https:\/\/api.w.org\/{rel}","templated":true}]}}