{"id":5012,"date":"2025-11-12T16:29:34","date_gmt":"2025-11-12T16:29:34","guid":{"rendered":"https:\/\/nextfootballstars.com\/?page_id=5012"},"modified":"2026-03-20T09:15:12","modified_gmt":"2026-03-20T09:15:12","slug":"paquets-nfs","status":"publish","type":"page","link":"https:\/\/nextfootballstars.com\/fr\/nfs-paketi\/","title":{"rendered":"Cr\u00e9er un profil de football"},"content":{"rendered":"<div data-elementor-type=\"wp-page\" data-elementor-id=\"5012\" class=\"elementor elementor-5012\" data-elementor-post-type=\"page\">\n\t\t\t\t<div data-particle_enable=\"false\" data-particle-mobile-disabled=\"false\" class=\"elementor-element elementor-element-f5090d3 e-con-full e-flex e-con e-parent\" data-id=\"f5090d3\" data-element_type=\"container\" data-e-type=\"container\">\n\t\t<div data-particle_enable=\"false\" data-particle-mobile-disabled=\"false\" class=\"elementor-element elementor-element-74e40c9 e-con-full e-flex e-con e-child\" data-id=\"74e40c9\" data-element_type=\"container\" data-e-type=\"container\">\n\t\t\t\t<div class=\"elementor-element elementor-element-3ef3c48 our-scrolling-ticker-stellar ticker-position-left elementor-widget elementor-widget-elementskit-content-ticker\" data-id=\"3ef3c48\" data-element_type=\"widget\" data-e-type=\"widget\" data-settings=\"{&quot;ekit_we_effect_on&quot;:&quot;none&quot;}\" data-widget_type=\"elementskit-content-ticker.default\">\n\t\t\t\t\t<div class=\"ekit-wid-con\" >\n\t\t<div id=\"content-ticker-3ef3c48\" class=\"ekit-content-ticker-wrapper\" data-content-settings=\"{&quot;type&quot;:&quot;content_ticker&quot;,&quot;settingOptions&quot;:{&quot;tickerSpeed&quot;:30,&quot;tickerDirection&quot;:null,&quot;tickerEffect&quot;:&quot;marquee&quot;,&quot;tickerAutoPlay&quot;:null,&quot;tickerDelay&quot;:3,&quot;tickerReverseDirection&quot;:&quot;&quot;,&quot;tickerGapBetween&quot;:&quot;&quot;,&quot;tickerGrabCursor&quot;:null}}\">\n\t\t\t<div class=\"ekit-content-items\">\n\t\t\t\t\t\t\t\t\t<div class=\"ticker ekitMarqueeSwiper ekit-marquee\">\n\t\t\t\t\t\t<div class=\"marquee-wrapper\">\n\t\t\t\t\t\t\t\t\t\t<div class=\"elementor-repeater-item-a3aa200 ekit-marquee-item ticker-item\">\n\t\t\t\t<img decoding=\"async\" width=\"40\" height=\"40\" src=\"https:\/\/nextfootballstars.com\/wp-content\/uploads\/2025\/07\/icon-football.svg\" class=\"attachment-full size-full wp-image-665\" alt=\"\" \/> \n\t\t\t\t<div class=\"ekit-title-and-description\">\n\t\t\t\t\t<a >\u00c9tape 1 - Remplissez les coordonn\u00e9es des parents<\/a>\n\t\t\t\t\t\t\t\t\t\t\t<p class=\"ticker-description\">Cr\u00e9ez un profil parent pour acc\u00e9der \u00e0 la plateforme.<\/p>\n\t\t\t\t\t\t\t\t\t<\/div>\n\t\t\t<\/div>\n\t\t\t\t\t<div class=\"elementor-repeater-item-f70ea5a ekit-marquee-item ticker-item\">\n\t\t\t\t<img fetchpriority=\"high\" decoding=\"async\" width=\"264\" height=\"263\" src=\"https:\/\/nextfootballstars.com\/wp-content\/uploads\/2025\/10\/logo.png\" class=\"attachment-full size-full wp-image-19\" alt=\"\" srcset=\"https:\/\/nextfootballstars.com\/wp-content\/uploads\/2025\/10\/logo.png.webp 264w, https:\/\/nextfootballstars.com\/wp-content\/uploads\/2025\/10\/logo-100x100.png.webp 100w, https:\/\/nextfootballstars.com\/wp-content\/uploads\/2025\/10\/logo-150x150.png.webp 150w\" sizes=\"(max-width: 264px) 100vw, 264px\" \/> \n\t\t\t\t<div class=\"ekit-title-and-description\">\n\t\t\t\t\t<a >\u00c9tape 2 - Remplissez le profil du jeune footballeur<\/a>\n\t\t\t\t\t\t\t\t\t\t\t<p class=\"ticker-description\">Ces informations aident les entra\u00eeneurs et les recruteurs \u00e0 mieux \u00e9valuer les joueurs.<\/p>\n\t\t\t\t\t\t\t\t\t<\/div>\n\t\t\t<\/div>\n\t\t\t\t\t<div class=\"elementor-repeater-item-cccdd06 ekit-marquee-item ticker-item\">\n\t\t\t\t<img fetchpriority=\"high\" decoding=\"async\" width=\"264\" height=\"263\" src=\"https:\/\/nextfootballstars.com\/wp-content\/uploads\/2025\/10\/logo.png\" class=\"attachment-full size-full wp-image-19\" alt=\"\" srcset=\"https:\/\/nextfootballstars.com\/wp-content\/uploads\/2025\/10\/logo.png.webp 264w, https:\/\/nextfootballstars.com\/wp-content\/uploads\/2025\/10\/logo-100x100.png.webp 100w, https:\/\/nextfootballstars.com\/wp-content\/uploads\/2025\/10\/logo-150x150.png.webp 150w\" sizes=\"(max-width: 264px) 100vw, 264px\" \/> \n\t\t\t\t<div class=\"ekit-title-and-description\">\n\t\t\t\t\t<a >\u00c9tape 3 - Ajouter des photos et des vid\u00e9os <\/a>\n\t\t\t\t\t\t\t\t\t\t\t<p class=\"ticker-description\">Le contenu visuel am\u00e9liore consid\u00e9rablement la visibilit\u00e9 d&#x27;un profil.<\/p>\n\t\t\t\t\t\t\t\t\t<\/div>\n\t\t\t<\/div>\n\t\t\t\t\t<div class=\"elementor-repeater-item-851e20c ekit-marquee-item ticker-item\">\n\t\t\t\t<img fetchpriority=\"high\" decoding=\"async\" width=\"264\" height=\"263\" src=\"https:\/\/nextfootballstars.com\/wp-content\/uploads\/2025\/10\/logo.png\" class=\"attachment-full size-full wp-image-19\" alt=\"\" srcset=\"https:\/\/nextfootballstars.com\/wp-content\/uploads\/2025\/10\/logo.png.webp 264w, https:\/\/nextfootballstars.com\/wp-content\/uploads\/2025\/10\/logo-100x100.png.webp 100w, https:\/\/nextfootballstars.com\/wp-content\/uploads\/2025\/10\/logo-150x150.png.webp 150w\" sizes=\"(max-width: 264px) 100vw, 264px\" \/> \n\t\t\t\t<div class=\"ekit-title-and-description\">\n\t\t\t\t\t<a >\u00c9tape 4 - Activation du profil par paiement ou \u00e0 l&#x27;aide d&#x27;un code<\/a>\n\t\t\t\t\t\t\t\t\t\t\t<p class=\"ticker-description\">Effectuez un paiement ou saisissez un code promotionnel si vous en avez un.<\/p>\n\t\t\t\t\t\t\t\t\t<\/div>\n\t\t\t<\/div>\n\t\t\t\t\t\t\t\t<\/div>\n\t\t\t\t\t<\/div>\n\t\t\t\t\t\t\t<\/div>\n\t\t<\/div>\n\t\t<\/div>\t\t\t\t<\/div>\n\t\t\t\t<\/div>\n\t\t\t\t<\/div>\n\t\t<div data-particle_enable=\"false\" data-particle-mobile-disabled=\"false\" class=\"elementor-element elementor-element-1c268e22 e-con-full e-flex e-con e-parent\" data-id=\"1c268e22\" data-element_type=\"container\" data-e-type=\"container\">\n\t\t\t\t<div class=\"elementor-element elementor-element-59d208fb elementor-widget elementor-widget-shortcode\" data-id=\"59d208fb\" data-element_type=\"widget\" data-e-type=\"widget\" data-settings=\"{&quot;ekit_we_effect_on&quot;:&quot;none&quot;}\" data-widget_type=\"shortcode.default\">\n\t\t\t\t\t\t\t<div class=\"elementor-shortcode\"><form id=\"forminator-module-8500\" class=\"forminator-custom-form forminator-custom-form-8500\" method=\"post\" data-forminator-render=\"0\" data-uid=\"69fb50f4ebc1f\" action=\"\"><div role=\"alert\" aria-live=\"polite\" class=\"forminator-response-message forminator-error\" aria-hidden=\"true\"><\/div><input type=\"hidden\" name=\"trp-form-language\" value=\"fr\"\/><\/form><\/div>\n\t\t\t\t\t\t<\/div>\n\t\t\t\t<\/div>\n\t\t\t\t<\/div>","protected":false},"excerpt":{"rendered":"<p>1. Korak &#8211; Popuni podatke roditelja Kreirajte profil roditelja za pristup platformi. [&hellip;]<\/p>\n","protected":false},"author":2,"featured_media":0,"parent":0,"menu_order":0,"comment_status":"closed","ping_status":"closed","template":"","meta":{"_acf_changed":false,"footnotes":""},"class_list":["post-5012","page","type-page","status-publish","hentry"],"acf":[],"_links":{"self":[{"href":"https:\/\/nextfootballstars.com\/fr\/wp-json\/wp\/v2\/pages\/5012","targetHints":{"allow":["GET"]}}],"collection":[{"href":"https:\/\/nextfootballstars.com\/fr\/wp-json\/wp\/v2\/pages"}],"about":[{"href":"https:\/\/nextfootballstars.com\/fr\/wp-json\/wp\/v2\/types\/page"}],"author":[{"embeddable":true,"href":"https:\/\/nextfootballstars.com\/fr\/wp-json\/wp\/v2\/users\/2"}],"replies":[{"embeddable":true,"href":"https:\/\/nextfootballstars.com\/fr\/wp-json\/wp\/v2\/comments?post=5012"}],"version-history":[{"count":10,"href":"https:\/\/nextfootballstars.com\/fr\/wp-json\/wp\/v2\/pages\/5012\/revisions"}],"predecessor-version":[{"id":18720,"href":"https:\/\/nextfootballstars.com\/fr\/wp-json\/wp\/v2\/pages\/5012\/revisions\/18720"}],"wp:attachment":[{"href":"https:\/\/nextfootballstars.com\/fr\/wp-json\/wp\/v2\/media?parent=5012"}],"curies":[{"name":"wp","href":"https:\/\/api.w.org\/{rel}","templated":true}]}}