{"id":22527,"date":"2026-04-21T08:45:48","date_gmt":"2026-04-21T08:45:48","guid":{"rendered":"https:\/\/nextfootballstars.com\/?page_id=22527"},"modified":"2026-04-23T14:04:11","modified_gmt":"2026-04-23T14:04:11","slug":"crearea-unui-profil-de-fotbal-in-top-11","status":"publish","type":"page","link":"https:\/\/nextfootballstars.com\/ro\/kreiranje-top11-fudbalskog-profila\/","title":{"rendered":"Crearea unui profil de fotbal Top11"},"content":{"rendered":"<div data-elementor-type=\"wp-page\" data-elementor-id=\"22527\" class=\"elementor elementor-22527\" data-elementor-post-type=\"page\">\n\t\t\t\t<div data-particle_enable=\"false\" data-particle-mobile-disabled=\"false\" class=\"elementor-element elementor-element-f5090d3 e-con-full e-flex e-con e-parent\" data-id=\"f5090d3\" data-element_type=\"container\" data-e-type=\"container\">\n\t\t<div data-particle_enable=\"false\" data-particle-mobile-disabled=\"false\" class=\"elementor-element elementor-element-74e40c9 e-con-full e-flex e-con e-child\" data-id=\"74e40c9\" data-element_type=\"container\" data-e-type=\"container\">\n\t\t\t\t<div class=\"elementor-element elementor-element-3ef3c48 our-scrolling-ticker-stellar ticker-position-left elementor-widget elementor-widget-elementskit-content-ticker\" data-id=\"3ef3c48\" data-element_type=\"widget\" data-e-type=\"widget\" data-settings=\"{&quot;ekit_we_effect_on&quot;:&quot;none&quot;}\" data-widget_type=\"elementskit-content-ticker.default\">\n\t\t\t\t\t<div class=\"ekit-wid-con\" >\n\t\t<div id=\"content-ticker-3ef3c48\" class=\"ekit-content-ticker-wrapper\" data-content-settings=\"{&quot;type&quot;:&quot;content_ticker&quot;,&quot;settingOptions&quot;:{&quot;tickerSpeed&quot;:30,&quot;tickerDirection&quot;:null,&quot;tickerEffect&quot;:&quot;marquee&quot;,&quot;tickerAutoPlay&quot;:null,&quot;tickerDelay&quot;:3,&quot;tickerReverseDirection&quot;:&quot;&quot;,&quot;tickerGapBetween&quot;:&quot;&quot;,&quot;tickerGrabCursor&quot;:null}}\">\n\t\t\t<div class=\"ekit-content-items\">\n\t\t\t\t\t\t\t\t\t<div class=\"ticker ekitMarqueeSwiper ekit-marquee\">\n\t\t\t\t\t\t<div class=\"marquee-wrapper\">\n\t\t\t\t\t\t\t\t\t\t<div class=\"elementor-repeater-item-a3aa200 ekit-marquee-item ticker-item\">\n\t\t\t\t<img decoding=\"async\" width=\"40\" height=\"40\" src=\"https:\/\/nextfootballstars.com\/wp-content\/uploads\/2025\/07\/icon-football.svg\" class=\"attachment-full size-full wp-image-665\" alt=\"\" \/> \n\t\t\t\t<div class=\"ekit-title-and-description\">\n\t\t\t\t\t<a >Pasul 1 \u2013 Completa\u021bi datele p\u0103rintelui<\/a>\n\t\t\t\t\t\t\t\t\t\t\t<p class=\"ticker-description\">Crea\u021bi un profil de p\u0103rinte pentru a accesa platforma.<\/p>\n\t\t\t\t\t\t\t\t\t<\/div>\n\t\t\t<\/div>\n\t\t\t\t\t<div class=\"elementor-repeater-item-f70ea5a ekit-marquee-item ticker-item\">\n\t\t\t\t<img fetchpriority=\"high\" decoding=\"async\" width=\"264\" height=\"263\" src=\"https:\/\/nextfootballstars.com\/wp-content\/uploads\/2025\/10\/logo.png\" class=\"attachment-full size-full wp-image-19\" alt=\"\" srcset=\"https:\/\/nextfootballstars.com\/wp-content\/uploads\/2025\/10\/logo.png 264w, https:\/\/nextfootballstars.com\/wp-content\/uploads\/2025\/10\/logo-100x100.png 100w, https:\/\/nextfootballstars.com\/wp-content\/uploads\/2025\/10\/logo-150x150.png 150w\" sizes=\"(max-width: 264px) 100vw, 264px\" \/> \n\t\t\t\t<div class=\"ekit-title-and-description\">\n\t\t\t\t\t<a >Pasul 2 \u2013 Completeaz\u0103 profilul t\u00e2n\u0103rului fotbalist<\/a>\n\t\t\t\t\t\t\t\t\t\t\t<p class=\"ticker-description\">Aceste informa\u021bii \u00eei ajut\u0103 pe antrenori \u0219i pe c\u0103ut\u0103torii de talente s\u0103 fac\u0103 o evaluare mai bun\u0103.<\/p>\n\t\t\t\t\t\t\t\t\t<\/div>\n\t\t\t<\/div>\n\t\t\t\t\t<div class=\"elementor-repeater-item-cccdd06 ekit-marquee-item ticker-item\">\n\t\t\t\t<img fetchpriority=\"high\" decoding=\"async\" width=\"264\" height=\"263\" src=\"https:\/\/nextfootballstars.com\/wp-content\/uploads\/2025\/10\/logo.png\" class=\"attachment-full size-full wp-image-19\" alt=\"\" srcset=\"https:\/\/nextfootballstars.com\/wp-content\/uploads\/2025\/10\/logo.png 264w, https:\/\/nextfootballstars.com\/wp-content\/uploads\/2025\/10\/logo-100x100.png 100w, https:\/\/nextfootballstars.com\/wp-content\/uploads\/2025\/10\/logo-150x150.png 150w\" sizes=\"(max-width: 264px) 100vw, 264px\" \/> \n\t\t\t\t<div class=\"ekit-title-and-description\">\n\t\t\t\t\t<a >Pasul 3 \u2013 Ad\u0103uga\u021bi fotografii \u0219i videoclipuri <\/a>\n\t\t\t\t\t\t\t\t\t\t\t<p class=\"ticker-description\">Materialul vizual spore\u0219te considerabil vizibilitatea profilului.<\/p>\n\t\t\t\t\t\t\t\t\t<\/div>\n\t\t\t<\/div>\n\t\t\t\t\t<div class=\"elementor-repeater-item-851e20c ekit-marquee-item ticker-item\">\n\t\t\t\t<img fetchpriority=\"high\" decoding=\"async\" width=\"264\" height=\"263\" src=\"https:\/\/nextfootballstars.com\/wp-content\/uploads\/2025\/10\/logo.png\" class=\"attachment-full size-full wp-image-19\" alt=\"\" srcset=\"https:\/\/nextfootballstars.com\/wp-content\/uploads\/2025\/10\/logo.png 264w, https:\/\/nextfootballstars.com\/wp-content\/uploads\/2025\/10\/logo-100x100.png 100w, https:\/\/nextfootballstars.com\/wp-content\/uploads\/2025\/10\/logo-150x150.png 150w\" sizes=\"(max-width: 264px) 100vw, 264px\" \/> \n\t\t\t\t<div class=\"ekit-title-and-description\">\n\t\t\t\t\t<a >Pasul 4 \u2013 Activarea profilului<\/a>\n\t\t\t\t\t\t\t\t\t\t\t<p class=\"ticker-description\">Creeaz\u0103-\u021bi un profil \u0219i particip\u0103 la selec\u021bia Top 11<\/p>\n\t\t\t\t\t\t\t\t\t<\/div>\n\t\t\t<\/div>\n\t\t\t\t\t\t\t\t<\/div>\n\t\t\t\t\t<\/div>\n\t\t\t\t\t\t\t<\/div>\n\t\t<\/div>\n\t\t<\/div>\t\t\t\t<\/div>\n\t\t\t\t<\/div>\n\t\t\t\t<\/div>\n\t\t<div data-particle_enable=\"false\" data-particle-mobile-disabled=\"false\" class=\"elementor-element elementor-element-1714d88 e-con-full e-flex e-con e-child\" data-id=\"1714d88\" data-element_type=\"container\" data-e-type=\"container\">\n\t\t\t\t<div class=\"elementor-element elementor-element-d4bcb46 elementor-widget__width-initial hero-counter-stellar elementor-widget elementor-widget-counter\" data-id=\"d4bcb46\" data-element_type=\"widget\" data-e-type=\"widget\" data-settings=\"{&quot;ekit_we_effect_on&quot;:&quot;none&quot;}\" data-widget_type=\"counter.default\">\n\t\t\t\t\t\t\t<div class=\"elementor-counter\">\n\t\t\t<div class=\"elementor-counter-title\">Talente active<\/div>\t\t\t<div class=\"elementor-counter-number-wrapper\">\n\t\t\t\t<span class=\"elementor-counter-number-prefix\"><\/span>\n\t\t\t\t<span class=\"elementor-counter-number\" data-duration=\"300\" data-to-value=\"170\" data-from-value=\"70\" data-delimiter=\",\">70<\/span>\n\t\t\t\t<span class=\"elementor-counter-number-suffix\">+<\/span>\n\t\t\t<\/div>\n\t\t<\/div>\n\t\t\t\t\t\t<\/div>\n\t\t\t\t<div class=\"elementor-element elementor-element-9e8dcfc elementor-widget__width-initial hero-counter-stellar elementor-widget elementor-widget-counter\" data-id=\"9e8dcfc\" data-element_type=\"widget\" data-e-type=\"widget\" data-settings=\"{&quot;ekit_we_effect_on&quot;:&quot;none&quot;}\" data-widget_type=\"counter.default\">\n\t\t\t\t\t\t\t<div class=\"elementor-counter\">\n\t\t\t<div class=\"elementor-counter-title\">\u0218coli de fotbal<\/div>\t\t\t<div class=\"elementor-counter-number-wrapper\">\n\t\t\t\t<span class=\"elementor-counter-number-prefix\"><\/span>\n\t\t\t\t<span class=\"elementor-counter-number\" data-duration=\"300\" data-to-value=\"130\" data-from-value=\"70\">70<\/span>\n\t\t\t\t<span class=\"elementor-counter-number-suffix\">+<\/span>\n\t\t\t<\/div>\n\t\t<\/div>\n\t\t\t\t\t\t<\/div>\n\t\t\t\t<div class=\"elementor-element elementor-element-60adf14 elementor-widget__width-initial hero-counter-stellar elementor-widget elementor-widget-counter\" data-id=\"60adf14\" data-element_type=\"widget\" data-e-type=\"widget\" data-settings=\"{&quot;ekit_we_effect_on&quot;:&quot;none&quot;}\" data-widget_type=\"counter.default\">\n\t\t\t\t\t\t\t<div class=\"elementor-counter\">\n\t\t\t<div class=\"elementor-counter-title\">\u021aari<\/div>\t\t\t<div class=\"elementor-counter-number-wrapper\">\n\t\t\t\t<span class=\"elementor-counter-number-prefix\"><\/span>\n\t\t\t\t<span class=\"elementor-counter-number\" data-duration=\"300\" data-to-value=\"30\" data-from-value=\"0\" data-delimiter=\",\">0<\/span>\n\t\t\t\t<span class=\"elementor-counter-number-suffix\">+<\/span>\n\t\t\t<\/div>\n\t\t<\/div>\n\t\t\t\t\t\t<\/div>\n\t\t\t\t<\/div>\n\t\t<div data-particle_enable=\"false\" data-particle-mobile-disabled=\"false\" class=\"elementor-element elementor-element-4a5eb89 e-flex e-con-boxed e-con e-parent\" data-id=\"4a5eb89\" data-element_type=\"container\" data-e-type=\"container\">\n\t\t\t\t\t<div class=\"e-con-inner\">\n\t\t<div data-particle_enable=\"false\" data-particle-mobile-disabled=\"false\" class=\"elementor-element elementor-element-227a651 e-con-full e-flex e-con e-child\" data-id=\"227a651\" data-element_type=\"container\" data-e-type=\"container\">\n\t\t<div data-particle_enable=\"false\" data-particle-mobile-disabled=\"false\" class=\"elementor-element elementor-element-fd198bd e-con-full e-flex e-con e-child\" data-id=\"fd198bd\" data-element_type=\"container\" data-e-type=\"container\">\n\t\t<div data-particle_enable=\"false\" data-particle-mobile-disabled=\"false\" class=\"elementor-element elementor-element-a1c788c e-con-full e-flex elementor-invisible e-con e-child\" data-id=\"a1c788c\" data-element_type=\"container\" data-e-type=\"container\" data-settings=\"{&quot;animation&quot;:&quot;fadeInUp&quot;,&quot;animation_delay&quot;:300}\">\n\t\t\t\t<div class=\"elementor-element elementor-element-b531da5 elementor-widget elementor-widget-text-editor\" data-id=\"b531da5\" data-element_type=\"widget\" data-e-type=\"widget\" data-settings=\"{&quot;ekit_we_effect_on&quot;:&quot;none&quot;}\" data-widget_type=\"text-editor.default\">\n\t\t\t\t\t\t\t\t\t<p><strong>Urm\u0103toarele vedete ale fotbalului<\/strong> Este o platform\u0103 interna\u021bional\u0103 de fotbal creat\u0103 pentru a ajuta tinerii juc\u0103tori (cu v\u00e2rste cuprinse \u00eentre 5 \u0219i 18 ani) s\u0103-\u0219i pun\u0103 \u00een valoare talentul \u00eentr-un mod sigur, controlat \u0219i transparent.<\/p>\t\t\t\t\t\t\t\t<\/div>\n\t\t\t\t<\/div>\n\t\t<div data-particle_enable=\"false\" data-particle-mobile-disabled=\"false\" class=\"elementor-element elementor-element-6d6bea9 e-con-full e-flex elementor-invisible e-con e-child\" data-id=\"6d6bea9\" data-element_type=\"container\" data-e-type=\"container\" data-settings=\"{&quot;animation&quot;:&quot;fadeInUp&quot;,&quot;animation_delay&quot;:400}\">\n\t\t\t\t<div class=\"elementor-element elementor-element-7a544f8 elementor-align-start elementor-icon-list--layout-traditional elementor-list-item-link-full_width elementor-widget elementor-widget-icon-list\" data-id=\"7a544f8\" data-element_type=\"widget\" data-e-type=\"widget\" data-settings=\"{&quot;ekit_we_effect_on&quot;:&quot;none&quot;}\" data-widget_type=\"icon-list.default\">\n\t\t\t\t\t\t\t<ul class=\"elementor-icon-list-items\">\n\t\t\t\t\t\t\t<li class=\"elementor-icon-list-item\">\n\t\t\t\t\t\t\t\t\t\t\t<span class=\"elementor-icon-list-icon\">\n\t\t\t\t\t\t\t<svg aria-hidden=\"true\" class=\"e-font-icon-svg e-fas-check-circle\" viewbox=\"0 0 512 512\" xmlns=\"http:\/\/www.w3.org\/2000\/svg\"><path d=\"M504 256c0 136.967-111.033 248-248 248S8 392.967 8 256 119.033 8 256 8s248 111.033 248 248zM227.314 387.314l184-184c6.248-6.248 6.248-16.379 0-22.627l-22.627-22.627c-6.248-6.249-16.379-6.249-22.628 0L216 308.118l-70.059-70.059c-6.248-6.248-16.379-6.248-22.628 0l-22.627 22.627c-6.248 6.248-6.248 16.379 0 22.627l104 104c6.249 6.249 16.379 6.249 22.628.001z\"><\/path><\/svg>\t\t\t\t\t\t<\/span>\n\t\t\t\t\t\t\t\t\t\t<span class=\"elementor-icon-list-text\">Misiunea noastr\u0103 este simpl\u0103: s\u0103 transform\u0103m visurile legate de fotbal \u00een oportunit\u0103\u021bi.<\/span>\n\t\t\t\t\t\t\t\t\t<\/li>\n\t\t\t\t\t\t<\/ul>\n\t\t\t\t\t\t<\/div>\n\t\t\t\t<div class=\"elementor-element elementor-element-34afe24 elementor-widget elementor-widget-text-editor\" data-id=\"34afe24\" data-element_type=\"widget\" data-e-type=\"widget\" data-settings=\"{&quot;ekit_we_effect_on&quot;:&quot;none&quot;}\" data-widget_type=\"text-editor.default\">\n\t\t\t\t\t\t\t\t\t<p>\u00cen\u021belegem c\u0103 mul\u021bi p\u0103rin\u021bi sunt precau\u021bi \u2013 \u0219i aceasta este atitudinea corect\u0103 c\u00e2nd vine vorba de copilul dumneavoastr\u0103. De aceea, totul pe platforma noastr\u0103 este conceput \u00een jurul controlului parental \u0219i al transparen\u021bei:<\/p><ul><li>Profilurile sunt create \u0219i gestionate exclusiv cu acordul unui p\u0103rinte sau tutore.<\/li><li>Tu decizi ce fotografii \u0219i videoclipuri vor fi publicate.<\/li><li>Pute\u021bi edita sau \u0219terge con\u021binutul \u00een orice moment.<\/li><li>Datele de contact personale nu sunt f\u0103cute publice.<\/li><li>Nu exist\u0103 obliga\u021bii ascunse<\/li><\/ul>\t\t\t\t\t\t\t\t<\/div>\n\t\t\t\t<div class=\"elementor-element elementor-element-468d8c3 elementor-align-start elementor-icon-list--layout-traditional elementor-list-item-link-full_width elementor-widget elementor-widget-icon-list\" data-id=\"468d8c3\" data-element_type=\"widget\" data-e-type=\"widget\" data-settings=\"{&quot;ekit_we_effect_on&quot;:&quot;none&quot;}\" data-widget_type=\"icon-list.default\">\n\t\t\t\t\t\t\t<ul class=\"elementor-icon-list-items\">\n\t\t\t\t\t\t\t<li class=\"elementor-icon-list-item\">\n\t\t\t\t\t\t\t\t\t\t\t<span class=\"elementor-icon-list-icon\">\n\t\t\t\t\t\t\t<svg aria-hidden=\"true\" class=\"e-font-icon-svg e-fas-check-circle\" viewbox=\"0 0 512 512\" xmlns=\"http:\/\/www.w3.org\/2000\/svg\"><path d=\"M504 256c0 136.967-111.033 248-248 248S8 392.967 8 256 119.033 8 256 8s248 111.033 248 248zM227.314 387.314l184-184c6.248-6.248 6.248-16.379 0-22.627l-22.627-22.627c-6.248-6.249-16.379-6.249-22.628 0L216 308.118l-70.059-70.059c-6.248-6.248-16.379-6.248-22.628 0l-22.627 22.627c-6.248 6.248-6.248 16.379 0 22.627l104 104c6.249 6.249 16.379 6.249 22.628.001z\"><\/path><\/svg>\t\t\t\t\t\t<\/span>\n\t\t\t\t\t\t\t\t\t\t<span class=\"elementor-icon-list-text\">Ce este TOP XI?<\/span>\n\t\t\t\t\t\t\t\t\t<\/li>\n\t\t\t\t\t\t<\/ul>\n\t\t\t\t\t\t<\/div>\n\t\t\t\t<div class=\"elementor-element elementor-element-ab32a8b elementor-widget elementor-widget-text-editor\" data-id=\"ab32a8b\" data-element_type=\"widget\" data-e-type=\"widget\" data-settings=\"{&quot;ekit_we_effect_on&quot;:&quot;none&quot;}\" data-widget_type=\"text-editor.default\">\n\t\t\t\t\t\t\t\t\t<p>TOP XI este o competi\u021bie interna\u021bional\u0103 \u00een cadrul c\u0103reia tinerii juc\u0103tori concureaz\u0103 pentru a fi selecta\u021bi printre cei mai buni 11 juc\u0103tori din \u021bara lor.<\/p><ul><li>Participarea este deschis\u0103 tuturor juc\u0103torilor care au un profil pe platform\u0103.<\/li><li>P\u0103rin\u021bii \u00ee\u0219i pot \u00eenscrie copilul<\/li><li>Votarea este simpl\u0103 \u0219i transparent\u0103 \u2013 un vot pe zi.<\/li><li>Clasamentul este vizibil \u00een timp real.<\/li><li>\u00cen perioada promo\u021bional\u0103, oferim tuturor noilor juc\u0103tori un profil Basic gratuit, \u00een valoare de 60 \u20ac.<\/li><\/ul><p><strong>Scopul selec\u021biei TOP XI este de a oferi tinerilor juc\u0103tori mai mult\u0103 vizibilitate, motiva\u021bie \u0219i recunoa\u0219tere.<\/strong><\/p>\t\t\t\t\t\t\t\t<\/div>\n\t\t\t\t<div class=\"elementor-element elementor-element-3557e54 elementor-align-start elementor-icon-list--layout-traditional elementor-list-item-link-full_width elementor-widget elementor-widget-icon-list\" data-id=\"3557e54\" data-element_type=\"widget\" data-e-type=\"widget\" data-settings=\"{&quot;ekit_we_effect_on&quot;:&quot;none&quot;}\" data-widget_type=\"icon-list.default\">\n\t\t\t\t\t\t\t<ul class=\"elementor-icon-list-items\">\n\t\t\t\t\t\t\t<li class=\"elementor-icon-list-item\">\n\t\t\t\t\t\t\t\t\t\t\t<span class=\"elementor-icon-list-icon\">\n\t\t\t\t\t\t\t<svg aria-hidden=\"true\" class=\"e-font-icon-svg e-fas-check-circle\" viewbox=\"0 0 512 512\" xmlns=\"http:\/\/www.w3.org\/2000\/svg\"><path d=\"M504 256c0 136.967-111.033 248-248 248S8 392.967 8 256 119.033 8 256 8s248 111.033 248 248zM227.314 387.314l184-184c6.248-6.248 6.248-16.379 0-22.627l-22.627-22.627c-6.248-6.249-16.379-6.249-22.628 0L216 308.118l-70.059-70.059c-6.248-6.248-16.379-6.248-22.628 0l-22.627 22.627c-6.248 6.248-6.248 16.379 0 22.627l104 104c6.249 6.249 16.379 6.249 22.628.001z\"><\/path><\/svg>\t\t\t\t\t\t<\/span>\n\t\t\t\t\t\t\t\t\t\t<span class=\"elementor-icon-list-text\">Promisiunile noastre<\/span>\n\t\t\t\t\t\t\t\t\t<\/li>\n\t\t\t\t\t\t<\/ul>\n\t\t\t\t\t\t<\/div>\n\t\t\t\t<div class=\"elementor-element elementor-element-21b879d elementor-widget elementor-widget-text-editor\" data-id=\"21b879d\" data-element_type=\"widget\" data-e-type=\"widget\" data-settings=\"{&quot;ekit_we_effect_on&quot;:&quot;none&quot;}\" data-widget_type=\"text-editor.default\">\n\t\t\t\t\t\t\t\t\t<p>Nu promitem contracte sau rezultate nerealiste. Ceea ce oferim este o prezen\u021b\u0103 online profesionist\u0103, vizibilitate \u0219i un spa\u021biu \u00een care parcursul fotbalistic al copilului dumneavoastr\u0103 poate fi urm\u0103rit \u0219i sus\u021binut.<\/p><p>Suntem o platform\u0103 \u00een plin\u0103 expansiune, cu juc\u0103tori din numeroase \u021b\u0103ri, \u0219i construim o re\u021bea global\u0103 axat\u0103 pe tinerele talente.<\/p><p>Sigur. Transparent. Sub controlul dumneavoastr\u0103.<\/p>\t\t\t\t\t\t\t\t<\/div>\n\t\t\t\t<div class=\"elementor-element elementor-element-f5435b0 at-heading-animation at-animation-heading-style-2 elementor-widget elementor-widget-heading\" data-id=\"f5435b0\" data-element_type=\"widget\" data-e-type=\"widget\" data-settings=\"{&quot;ekit_we_effect_on&quot;:&quot;none&quot;}\" data-widget_type=\"heading.default\">\n\t\t\t\t\t<h2 class=\"elementor-heading-title elementor-size-default\">Antreneaz\u0103-te, crede, <span>Devino urm\u0103toarea vedet\u0103 a fotbalului. <\/span><\/h2>\t\t\t\t<\/div>\n\t\t\t\t<\/div>\n\t\t\t\t<\/div>\n\t\t\t\t<\/div>\n\t\t\t\t\t<\/div>\n\t\t\t\t<\/div>\n\t\t<div data-particle_enable=\"false\" data-particle-mobile-disabled=\"false\" class=\"elementor-element elementor-element-1c268e22 e-con-full e-flex e-con e-parent\" data-id=\"1c268e22\" data-element_type=\"container\" data-e-type=\"container\">\n\t\t\t\t<div class=\"elementor-element elementor-element-59d208fb elementor-widget elementor-widget-shortcode\" data-id=\"59d208fb\" data-element_type=\"widget\" data-e-type=\"widget\" data-settings=\"{&quot;ekit_we_effect_on&quot;:&quot;none&quot;}\" data-widget_type=\"shortcode.default\">\n\t\t\t\t\t\t\t<div class=\"elementor-shortcode\"><form id=\"forminator-module-22470\" class=\"forminator-custom-form forminator-custom-form-22470\" method=\"post\" data-forminator-render=\"0\" data-uid=\"69f0f8d568162\" action=\"\"><div role=\"alert\" aria-live=\"polite\" class=\"forminator-response-message forminator-error\" aria-hidden=\"true\"><\/div><input type=\"hidden\" name=\"trp-form-language\" value=\"ro\"\/><\/form><\/div>\n\t\t\t\t\t\t<\/div>\n\t\t\t\t<\/div>\n\t\t\t\t<\/div>","protected":false},"excerpt":{"rendered":"<p>1. Korak &#8211; Popuni podatke roditelja Kreirajte profil roditelja za pristup platformi. [&hellip;]<\/p>\n","protected":false},"author":3,"featured_media":0,"parent":0,"menu_order":0,"comment_status":"closed","ping_status":"closed","template":"","meta":{"_acf_changed":false,"footnotes":""},"class_list":["post-22527","page","type-page","status-publish","hentry"],"acf":[],"_links":{"self":[{"href":"https:\/\/nextfootballstars.com\/ro\/wp-json\/wp\/v2\/pages\/22527","targetHints":{"allow":["GET"]}}],"collection":[{"href":"https:\/\/nextfootballstars.com\/ro\/wp-json\/wp\/v2\/pages"}],"about":[{"href":"https:\/\/nextfootballstars.com\/ro\/wp-json\/wp\/v2\/types\/page"}],"author":[{"embeddable":true,"href":"https:\/\/nextfootballstars.com\/ro\/wp-json\/wp\/v2\/users\/3"}],"replies":[{"embeddable":true,"href":"https:\/\/nextfootballstars.com\/ro\/wp-json\/wp\/v2\/comments?post=22527"}],"version-history":[{"count":10,"href":"https:\/\/nextfootballstars.com\/ro\/wp-json\/wp\/v2\/pages\/22527\/revisions"}],"predecessor-version":[{"id":22864,"href":"https:\/\/nextfootballstars.com\/ro\/wp-json\/wp\/v2\/pages\/22527\/revisions\/22864"}],"wp:attachment":[{"href":"https:\/\/nextfootballstars.com\/ro\/wp-json\/wp\/v2\/media?parent=22527"}],"curies":[{"name":"wp","href":"https:\/\/api.w.org\/{rel}","templated":true}]}}