{"id":22527,"date":"2026-04-21T08:45:48","date_gmt":"2026-04-21T08:45:48","guid":{"rendered":"https:\/\/nextfootballstars.com\/?page_id=22527"},"modified":"2026-04-23T14:04:11","modified_gmt":"2026-04-23T14:04:11","slug":"ustvarjanje-profila-najboljsih-11-nogometasev","status":"publish","type":"page","link":"https:\/\/nextfootballstars.com\/sl\/kreiranje-top11-fudbalskog-profila\/","title":{"rendered":"Ustvarjanje nogometnega profila Top11"},"content":{"rendered":"<div data-elementor-type=\"wp-page\" data-elementor-id=\"22527\" class=\"elementor elementor-22527\" data-elementor-post-type=\"page\">\n\t\t\t\t<div data-particle_enable=\"false\" data-particle-mobile-disabled=\"false\" class=\"elementor-element elementor-element-f5090d3 e-con-full e-flex e-con e-parent\" data-id=\"f5090d3\" data-element_type=\"container\" data-e-type=\"container\">\n\t\t<div data-particle_enable=\"false\" data-particle-mobile-disabled=\"false\" class=\"elementor-element elementor-element-74e40c9 e-con-full e-flex e-con e-child\" data-id=\"74e40c9\" data-element_type=\"container\" data-e-type=\"container\">\n\t\t\t\t<div class=\"elementor-element elementor-element-3ef3c48 our-scrolling-ticker-stellar ticker-position-left elementor-widget elementor-widget-elementskit-content-ticker\" data-id=\"3ef3c48\" data-element_type=\"widget\" data-e-type=\"widget\" data-settings=\"{&quot;ekit_we_effect_on&quot;:&quot;none&quot;}\" data-widget_type=\"elementskit-content-ticker.default\">\n\t\t\t\t\t<div class=\"ekit-wid-con\" >\n\t\t<div id=\"content-ticker-3ef3c48\" class=\"ekit-content-ticker-wrapper\" data-content-settings=\"{&quot;type&quot;:&quot;content_ticker&quot;,&quot;settingOptions&quot;:{&quot;tickerSpeed&quot;:30,&quot;tickerDirection&quot;:null,&quot;tickerEffect&quot;:&quot;marquee&quot;,&quot;tickerAutoPlay&quot;:null,&quot;tickerDelay&quot;:3,&quot;tickerReverseDirection&quot;:&quot;&quot;,&quot;tickerGapBetween&quot;:&quot;&quot;,&quot;tickerGrabCursor&quot;:null}}\">\n\t\t\t<div class=\"ekit-content-items\">\n\t\t\t\t\t\t\t\t\t<div class=\"ticker ekitMarqueeSwiper ekit-marquee\">\n\t\t\t\t\t\t<div class=\"marquee-wrapper\">\n\t\t\t\t\t\t\t\t\t\t<div class=\"elementor-repeater-item-a3aa200 ekit-marquee-item ticker-item\">\n\t\t\t\t<img decoding=\"async\" width=\"40\" height=\"40\" src=\"https:\/\/nextfootballstars.com\/wp-content\/uploads\/2025\/07\/icon-football.svg\" class=\"attachment-full size-full wp-image-665\" alt=\"\" \/> \n\t\t\t\t<div class=\"ekit-title-and-description\">\n\t\t\t\t\t<a >1. korak \u2013 Vnesite podatke o star\u0161ih<\/a>\n\t\t\t\t\t\t\t\t\t\t\t<p class=\"ticker-description\">Ustvarite profil star\u0161a, da boste lahko dostopali do platforme.<\/p>\n\t\t\t\t\t\t\t\t\t<\/div>\n\t\t\t<\/div>\n\t\t\t\t\t<div class=\"elementor-repeater-item-f70ea5a ekit-marquee-item ticker-item\">\n\t\t\t\t<img fetchpriority=\"high\" decoding=\"async\" width=\"264\" height=\"263\" src=\"https:\/\/nextfootballstars.com\/wp-content\/uploads\/2025\/10\/logo.png\" class=\"attachment-full size-full wp-image-19\" alt=\"\" srcset=\"https:\/\/nextfootballstars.com\/wp-content\/uploads\/2025\/10\/logo.png 264w, https:\/\/nextfootballstars.com\/wp-content\/uploads\/2025\/10\/logo-100x100.png 100w, https:\/\/nextfootballstars.com\/wp-content\/uploads\/2025\/10\/logo-150x150.png 150w\" sizes=\"(max-width: 264px) 100vw, 264px\" \/> \n\t\t\t\t<div class=\"ekit-title-and-description\">\n\t\t\t\t\t<a >Korak 2 \u2013 Izpolnite profil mladega nogometa\u0161a<\/a>\n\t\t\t\t\t\t\t\t\t\t\t<p class=\"ticker-description\">Te informacije trenerjem in skavtom pomagajo pri bolj\u0161i oceni.<\/p>\n\t\t\t\t\t\t\t\t\t<\/div>\n\t\t\t<\/div>\n\t\t\t\t\t<div class=\"elementor-repeater-item-cccdd06 ekit-marquee-item ticker-item\">\n\t\t\t\t<img fetchpriority=\"high\" decoding=\"async\" width=\"264\" height=\"263\" src=\"https:\/\/nextfootballstars.com\/wp-content\/uploads\/2025\/10\/logo.png\" class=\"attachment-full size-full wp-image-19\" alt=\"\" srcset=\"https:\/\/nextfootballstars.com\/wp-content\/uploads\/2025\/10\/logo.png 264w, https:\/\/nextfootballstars.com\/wp-content\/uploads\/2025\/10\/logo-100x100.png 100w, https:\/\/nextfootballstars.com\/wp-content\/uploads\/2025\/10\/logo-150x150.png 150w\" sizes=\"(max-width: 264px) 100vw, 264px\" \/> \n\t\t\t\t<div class=\"ekit-title-and-description\">\n\t\t\t\t\t<a >Korak 3 \u2013 Dodaj fotografije in videoposnetke <\/a>\n\t\t\t\t\t\t\t\t\t\t\t<p class=\"ticker-description\">Vizualno gradivo znatno pove\u010da prepoznavnost profila.<\/p>\n\t\t\t\t\t\t\t\t\t<\/div>\n\t\t\t<\/div>\n\t\t\t\t\t<div class=\"elementor-repeater-item-851e20c ekit-marquee-item ticker-item\">\n\t\t\t\t<img fetchpriority=\"high\" decoding=\"async\" width=\"264\" height=\"263\" src=\"https:\/\/nextfootballstars.com\/wp-content\/uploads\/2025\/10\/logo.png\" class=\"attachment-full size-full wp-image-19\" alt=\"\" srcset=\"https:\/\/nextfootballstars.com\/wp-content\/uploads\/2025\/10\/logo.png 264w, https:\/\/nextfootballstars.com\/wp-content\/uploads\/2025\/10\/logo-100x100.png 100w, https:\/\/nextfootballstars.com\/wp-content\/uploads\/2025\/10\/logo-150x150.png 150w\" sizes=\"(max-width: 264px) 100vw, 264px\" \/> \n\t\t\t\t<div class=\"ekit-title-and-description\">\n\t\t\t\t\t<a >4. korak \u2013 Aktiviranje profila<\/a>\n\t\t\t\t\t\t\t\t\t\t\t<p class=\"ticker-description\">Ustvarite profil in sodelujte v izboru Top 11<\/p>\n\t\t\t\t\t\t\t\t\t<\/div>\n\t\t\t<\/div>\n\t\t\t\t\t\t\t\t<\/div>\n\t\t\t\t\t<\/div>\n\t\t\t\t\t\t\t<\/div>\n\t\t<\/div>\n\t\t<\/div>\t\t\t\t<\/div>\n\t\t\t\t<\/div>\n\t\t\t\t<\/div>\n\t\t<div data-particle_enable=\"false\" data-particle-mobile-disabled=\"false\" class=\"elementor-element elementor-element-1714d88 e-con-full e-flex e-con e-child\" data-id=\"1714d88\" data-element_type=\"container\" data-e-type=\"container\">\n\t\t\t\t<div class=\"elementor-element elementor-element-d4bcb46 elementor-widget__width-initial hero-counter-stellar elementor-widget elementor-widget-counter\" data-id=\"d4bcb46\" data-element_type=\"widget\" data-e-type=\"widget\" data-settings=\"{&quot;ekit_we_effect_on&quot;:&quot;none&quot;}\" data-widget_type=\"counter.default\">\n\t\t\t\t\t\t\t<div class=\"elementor-counter\">\n\t\t\t<div class=\"elementor-counter-title\">Aktivni talenti<\/div>\t\t\t<div class=\"elementor-counter-number-wrapper\">\n\t\t\t\t<span class=\"elementor-counter-number-prefix\"><\/span>\n\t\t\t\t<span class=\"elementor-counter-number\" data-duration=\"300\" data-to-value=\"170\" data-from-value=\"70\" data-delimiter=\",\">70<\/span>\n\t\t\t\t<span class=\"elementor-counter-number-suffix\">+<\/span>\n\t\t\t<\/div>\n\t\t<\/div>\n\t\t\t\t\t\t<\/div>\n\t\t\t\t<div class=\"elementor-element elementor-element-9e8dcfc elementor-widget__width-initial hero-counter-stellar elementor-widget elementor-widget-counter\" data-id=\"9e8dcfc\" data-element_type=\"widget\" data-e-type=\"widget\" data-settings=\"{&quot;ekit_we_effect_on&quot;:&quot;none&quot;}\" data-widget_type=\"counter.default\">\n\t\t\t\t\t\t\t<div class=\"elementor-counter\">\n\t\t\t<div class=\"elementor-counter-title\">Nogometne \u0161ole<\/div>\t\t\t<div class=\"elementor-counter-number-wrapper\">\n\t\t\t\t<span class=\"elementor-counter-number-prefix\"><\/span>\n\t\t\t\t<span class=\"elementor-counter-number\" data-duration=\"300\" data-to-value=\"130\" data-from-value=\"70\">70<\/span>\n\t\t\t\t<span class=\"elementor-counter-number-suffix\">+<\/span>\n\t\t\t<\/div>\n\t\t<\/div>\n\t\t\t\t\t\t<\/div>\n\t\t\t\t<div class=\"elementor-element elementor-element-60adf14 elementor-widget__width-initial hero-counter-stellar elementor-widget elementor-widget-counter\" data-id=\"60adf14\" data-element_type=\"widget\" data-e-type=\"widget\" data-settings=\"{&quot;ekit_we_effect_on&quot;:&quot;none&quot;}\" data-widget_type=\"counter.default\">\n\t\t\t\t\t\t\t<div class=\"elementor-counter\">\n\t\t\t<div class=\"elementor-counter-title\">De\u017eelo<\/div>\t\t\t<div class=\"elementor-counter-number-wrapper\">\n\t\t\t\t<span class=\"elementor-counter-number-prefix\"><\/span>\n\t\t\t\t<span class=\"elementor-counter-number\" data-duration=\"300\" data-to-value=\"30\" data-from-value=\"0\" data-delimiter=\",\">0<\/span>\n\t\t\t\t<span class=\"elementor-counter-number-suffix\">+<\/span>\n\t\t\t<\/div>\n\t\t<\/div>\n\t\t\t\t\t\t<\/div>\n\t\t\t\t<\/div>\n\t\t<div data-particle_enable=\"false\" data-particle-mobile-disabled=\"false\" class=\"elementor-element elementor-element-4a5eb89 e-flex e-con-boxed e-con e-parent\" data-id=\"4a5eb89\" data-element_type=\"container\" data-e-type=\"container\">\n\t\t\t\t\t<div class=\"e-con-inner\">\n\t\t<div data-particle_enable=\"false\" data-particle-mobile-disabled=\"false\" class=\"elementor-element elementor-element-227a651 e-con-full e-flex e-con e-child\" data-id=\"227a651\" data-element_type=\"container\" data-e-type=\"container\">\n\t\t<div data-particle_enable=\"false\" data-particle-mobile-disabled=\"false\" class=\"elementor-element elementor-element-fd198bd e-con-full e-flex e-con e-child\" data-id=\"fd198bd\" data-element_type=\"container\" data-e-type=\"container\">\n\t\t<div data-particle_enable=\"false\" data-particle-mobile-disabled=\"false\" class=\"elementor-element elementor-element-a1c788c e-con-full e-flex elementor-invisible e-con e-child\" data-id=\"a1c788c\" data-element_type=\"container\" data-e-type=\"container\" data-settings=\"{&quot;animation&quot;:&quot;fadeInUp&quot;,&quot;animation_delay&quot;:300}\">\n\t\t\t\t<div class=\"elementor-element elementor-element-b531da5 elementor-widget elementor-widget-text-editor\" data-id=\"b531da5\" data-element_type=\"widget\" data-e-type=\"widget\" data-settings=\"{&quot;ekit_we_effect_on&quot;:&quot;none&quot;}\" data-widget_type=\"text-editor.default\">\n\t\t\t\t\t\t\t\t\t<p><strong>Naslednje nogometne zvezde<\/strong> Gre za mednarodno nogometno platformo, ki je bila ustanovljena z namenom, da mladim igralcem (starih od 5 do 18 let) pomaga pokazati svoj talent na varen, nadzorovan in pregleden na\u010din.<\/p>\t\t\t\t\t\t\t\t<\/div>\n\t\t\t\t<\/div>\n\t\t<div data-particle_enable=\"false\" data-particle-mobile-disabled=\"false\" class=\"elementor-element elementor-element-6d6bea9 e-con-full e-flex elementor-invisible e-con e-child\" data-id=\"6d6bea9\" data-element_type=\"container\" data-e-type=\"container\" data-settings=\"{&quot;animation&quot;:&quot;fadeInUp&quot;,&quot;animation_delay&quot;:400}\">\n\t\t\t\t<div class=\"elementor-element elementor-element-7a544f8 elementor-align-start elementor-icon-list--layout-traditional elementor-list-item-link-full_width elementor-widget elementor-widget-icon-list\" data-id=\"7a544f8\" data-element_type=\"widget\" data-e-type=\"widget\" data-settings=\"{&quot;ekit_we_effect_on&quot;:&quot;none&quot;}\" data-widget_type=\"icon-list.default\">\n\t\t\t\t\t\t\t<ul class=\"elementor-icon-list-items\">\n\t\t\t\t\t\t\t<li class=\"elementor-icon-list-item\">\n\t\t\t\t\t\t\t\t\t\t\t<span class=\"elementor-icon-list-icon\">\n\t\t\t\t\t\t\t<svg aria-hidden=\"true\" class=\"e-font-icon-svg e-fas-check-circle\" viewbox=\"0 0 512 512\" xmlns=\"http:\/\/www.w3.org\/2000\/svg\"><path d=\"M504 256c0 136.967-111.033 248-248 248S8 392.967 8 256 119.033 8 256 8s248 111.033 248 248zM227.314 387.314l184-184c6.248-6.248 6.248-16.379 0-22.627l-22.627-22.627c-6.248-6.249-16.379-6.249-22.628 0L216 308.118l-70.059-70.059c-6.248-6.248-16.379-6.248-22.628 0l-22.627 22.627c-6.248 6.248-6.248 16.379 0 22.627l104 104c6.249 6.249 16.379 6.249 22.628.001z\"><\/path><\/svg>\t\t\t\t\t\t<\/span>\n\t\t\t\t\t\t\t\t\t\t<span class=\"elementor-icon-list-text\">Na\u0161a naloga je preprosta - nogometne sanje spremeniti v prilo\u017enosti.<\/span>\n\t\t\t\t\t\t\t\t\t<\/li>\n\t\t\t\t\t\t<\/ul>\n\t\t\t\t\t\t<\/div>\n\t\t\t\t<div class=\"elementor-element elementor-element-34afe24 elementor-widget elementor-widget-text-editor\" data-id=\"34afe24\" data-element_type=\"widget\" data-e-type=\"widget\" data-settings=\"{&quot;ekit_we_effect_on&quot;:&quot;none&quot;}\" data-widget_type=\"text-editor.default\">\n\t\t\t\t\t\t\t\t\t<p>Zavedamo se, da so mnogi star\u0161i previdni \u2013 in to je pravi pristop, ko gre za va\u0161ega otroka. Zato je vse na na\u0161i platformi zasnovano na star\u0161evskem nadzoru in preglednosti:<\/p><ul><li>Profil se ustvari in upravlja izklju\u010dno s soglasjem star\u0161a ali skrbnika.<\/li><li>Vi odlo\u010date, katere fotografije in videoposnetke bodo objavljeni.<\/li><li>Vsebino lahko kadar koli uredite ali izbri\u0161ete.<\/li><li>Osebni kontaktni podatki se ne objavljajo javno.<\/li><li>Ni nobenih skritih obveznosti.<\/li><\/ul>\t\t\t\t\t\t\t\t<\/div>\n\t\t\t\t<div class=\"elementor-element elementor-element-468d8c3 elementor-align-start elementor-icon-list--layout-traditional elementor-list-item-link-full_width elementor-widget elementor-widget-icon-list\" data-id=\"468d8c3\" data-element_type=\"widget\" data-e-type=\"widget\" data-settings=\"{&quot;ekit_we_effect_on&quot;:&quot;none&quot;}\" data-widget_type=\"icon-list.default\">\n\t\t\t\t\t\t\t<ul class=\"elementor-icon-list-items\">\n\t\t\t\t\t\t\t<li class=\"elementor-icon-list-item\">\n\t\t\t\t\t\t\t\t\t\t\t<span class=\"elementor-icon-list-icon\">\n\t\t\t\t\t\t\t<svg aria-hidden=\"true\" class=\"e-font-icon-svg e-fas-check-circle\" viewbox=\"0 0 512 512\" xmlns=\"http:\/\/www.w3.org\/2000\/svg\"><path d=\"M504 256c0 136.967-111.033 248-248 248S8 392.967 8 256 119.033 8 256 8s248 111.033 248 248zM227.314 387.314l184-184c6.248-6.248 6.248-16.379 0-22.627l-22.627-22.627c-6.248-6.249-16.379-6.249-22.628 0L216 308.118l-70.059-70.059c-6.248-6.248-16.379-6.248-22.628 0l-22.627 22.627c-6.248 6.248-6.248 16.379 0 22.627l104 104c6.249 6.249 16.379 6.249 22.628.001z\"><\/path><\/svg>\t\t\t\t\t\t<\/span>\n\t\t\t\t\t\t\t\t\t\t<span class=\"elementor-icon-list-text\">Kaj je TOP XI?<\/span>\n\t\t\t\t\t\t\t\t\t<\/li>\n\t\t\t\t\t\t<\/ul>\n\t\t\t\t\t\t<\/div>\n\t\t\t\t<div class=\"elementor-element elementor-element-ab32a8b elementor-widget elementor-widget-text-editor\" data-id=\"ab32a8b\" data-element_type=\"widget\" data-e-type=\"widget\" data-settings=\"{&quot;ekit_we_effect_on&quot;:&quot;none&quot;}\" data-widget_type=\"text-editor.default\">\n\t\t\t\t\t\t\t\t\t<p>TOP XI je mednarodno tekmovanje, na katerem se mladi nogometa\u0161i potegujejo za mesto med 11 najbolj\u0161imi igralci v svoji dr\u017eavi.<\/p><ul><li>Sodelovanje je odprto za vse igralce, ki imajo profil na platformi.<\/li><li>Star\u0161i lahko predlagajo svojega otroka<\/li><li>Glasovanje je preprosto in pregledno \u2013 en glas na dan.<\/li><li>Lestvica je vidna v realnem \u010dasu.<\/li><li>V \u010dasu trajanja akcije vsem novim nogometa\u0161em ponujamo brezpla\u010den osnovni profil v vrednosti 60 \u20ac.<\/li><\/ul><p><strong>Cilj izbora TOP XI je mladim igralcem zagotoviti ve\u010djo prepoznavnost, motivacijo in priznanje.<\/strong><\/p>\t\t\t\t\t\t\t\t<\/div>\n\t\t\t\t<div class=\"elementor-element elementor-element-3557e54 elementor-align-start elementor-icon-list--layout-traditional elementor-list-item-link-full_width elementor-widget elementor-widget-icon-list\" data-id=\"3557e54\" data-element_type=\"widget\" data-e-type=\"widget\" data-settings=\"{&quot;ekit_we_effect_on&quot;:&quot;none&quot;}\" data-widget_type=\"icon-list.default\">\n\t\t\t\t\t\t\t<ul class=\"elementor-icon-list-items\">\n\t\t\t\t\t\t\t<li class=\"elementor-icon-list-item\">\n\t\t\t\t\t\t\t\t\t\t\t<span class=\"elementor-icon-list-icon\">\n\t\t\t\t\t\t\t<svg aria-hidden=\"true\" class=\"e-font-icon-svg e-fas-check-circle\" viewbox=\"0 0 512 512\" xmlns=\"http:\/\/www.w3.org\/2000\/svg\"><path d=\"M504 256c0 136.967-111.033 248-248 248S8 392.967 8 256 119.033 8 256 8s248 111.033 248 248zM227.314 387.314l184-184c6.248-6.248 6.248-16.379 0-22.627l-22.627-22.627c-6.248-6.249-16.379-6.249-22.628 0L216 308.118l-70.059-70.059c-6.248-6.248-16.379-6.248-22.628 0l-22.627 22.627c-6.248 6.248-6.248 16.379 0 22.627l104 104c6.249 6.249 16.379 6.249 22.628.001z\"><\/path><\/svg>\t\t\t\t\t\t<\/span>\n\t\t\t\t\t\t\t\t\t\t<span class=\"elementor-icon-list-text\">Na\u0161e obljube<\/span>\n\t\t\t\t\t\t\t\t\t<\/li>\n\t\t\t\t\t\t<\/ul>\n\t\t\t\t\t\t<\/div>\n\t\t\t\t<div class=\"elementor-element elementor-element-21b879d elementor-widget elementor-widget-text-editor\" data-id=\"21b879d\" data-element_type=\"widget\" data-e-type=\"widget\" data-settings=\"{&quot;ekit_we_effect_on&quot;:&quot;none&quot;}\" data-widget_type=\"text-editor.default\">\n\t\t\t\t\t\t\t\t\t<p>Ne obljubljamo pogodb ali nerealnih rezultatov. Ponujamo pa profesionalno spletno prisotnost, prepoznavnost ter prostor, kjer je mogo\u010de spremljati in podpirati nogometno pot va\u0161ega otroka.<\/p><p>Smo rasto\u010da platforma z igralci iz \u0161tevilnih dr\u017eav, ki gradi globalno mre\u017eo, osredoto\u010deno na mlade talente.<\/p><p>Varno. Pregledno. Pod va\u0161im nadzorom.<\/p>\t\t\t\t\t\t\t\t<\/div>\n\t\t\t\t<div class=\"elementor-element elementor-element-f5435b0 at-heading-animation at-animation-heading-style-2 elementor-widget elementor-widget-heading\" data-id=\"f5435b0\" data-element_type=\"widget\" data-e-type=\"widget\" data-settings=\"{&quot;ekit_we_effect_on&quot;:&quot;none&quot;}\" data-widget_type=\"heading.default\">\n\t\t\t\t\t<h2 class=\"elementor-heading-title elementor-size-default\">Treniraj, verjemi, <span>Postanite naslednja nogometna zvezda. <\/span><\/h2>\t\t\t\t<\/div>\n\t\t\t\t<\/div>\n\t\t\t\t<\/div>\n\t\t\t\t<\/div>\n\t\t\t\t\t<\/div>\n\t\t\t\t<\/div>\n\t\t<div data-particle_enable=\"false\" data-particle-mobile-disabled=\"false\" class=\"elementor-element elementor-element-1c268e22 e-con-full e-flex e-con e-parent\" data-id=\"1c268e22\" data-element_type=\"container\" data-e-type=\"container\">\n\t\t\t\t<div class=\"elementor-element elementor-element-59d208fb elementor-widget elementor-widget-shortcode\" data-id=\"59d208fb\" data-element_type=\"widget\" data-e-type=\"widget\" data-settings=\"{&quot;ekit_we_effect_on&quot;:&quot;none&quot;}\" data-widget_type=\"shortcode.default\">\n\t\t\t\t\t\t\t<div class=\"elementor-shortcode\"><form id=\"forminator-module-22470\" class=\"forminator-custom-form forminator-custom-form-22470\" method=\"post\" data-forminator-render=\"0\" data-uid=\"69f111ac952f3\" action=\"\"><div role=\"alert\" aria-live=\"polite\" class=\"forminator-response-message forminator-error\" aria-hidden=\"true\"><\/div><input type=\"hidden\" name=\"trp-form-language\" value=\"sl\"\/><\/form><\/div>\n\t\t\t\t\t\t<\/div>\n\t\t\t\t<\/div>\n\t\t\t\t<\/div>","protected":false},"excerpt":{"rendered":"<p>1. Korak &#8211; Popuni podatke roditelja Kreirajte profil roditelja za pristup platformi. [&hellip;]<\/p>\n","protected":false},"author":3,"featured_media":0,"parent":0,"menu_order":0,"comment_status":"closed","ping_status":"closed","template":"","meta":{"_acf_changed":false,"footnotes":""},"class_list":["post-22527","page","type-page","status-publish","hentry"],"acf":[],"_links":{"self":[{"href":"https:\/\/nextfootballstars.com\/sl\/wp-json\/wp\/v2\/pages\/22527","targetHints":{"allow":["GET"]}}],"collection":[{"href":"https:\/\/nextfootballstars.com\/sl\/wp-json\/wp\/v2\/pages"}],"about":[{"href":"https:\/\/nextfootballstars.com\/sl\/wp-json\/wp\/v2\/types\/page"}],"author":[{"embeddable":true,"href":"https:\/\/nextfootballstars.com\/sl\/wp-json\/wp\/v2\/users\/3"}],"replies":[{"embeddable":true,"href":"https:\/\/nextfootballstars.com\/sl\/wp-json\/wp\/v2\/comments?post=22527"}],"version-history":[{"count":10,"href":"https:\/\/nextfootballstars.com\/sl\/wp-json\/wp\/v2\/pages\/22527\/revisions"}],"predecessor-version":[{"id":22864,"href":"https:\/\/nextfootballstars.com\/sl\/wp-json\/wp\/v2\/pages\/22527\/revisions\/22864"}],"wp:attachment":[{"href":"https:\/\/nextfootballstars.com\/sl\/wp-json\/wp\/v2\/media?parent=22527"}],"curies":[{"name":"wp","href":"https:\/\/api.w.org\/{rel}","templated":true}]}}