{"id":12970,"date":"2026-01-21T09:13:07","date_gmt":"2026-01-21T09:13:07","guid":{"rendered":"https:\/\/nextfootballstars.com\/?page_id=12970"},"modified":"2026-05-15T11:12:51","modified_gmt":"2026-05-15T11:12:51","slug":"kesif","status":"publish","type":"page","link":"https:\/\/nextfootballstars.com\/tr\/scouting\/","title":{"rendered":"Ke\u015fif"},"content":{"rendered":"<div data-elementor-type=\"wp-page\" data-elementor-id=\"12970\" class=\"elementor elementor-12970\" data-elementor-post-type=\"page\">\n\t\t\t\t<div data-particle_enable=\"false\" data-particle-mobile-disabled=\"false\" class=\"elementor-element elementor-element-67e13dc e-flex e-con-boxed e-con e-parent\" data-id=\"67e13dc\" data-element_type=\"container\" data-e-type=\"container\" data-settings=\"{&quot;background_background&quot;:&quot;gradient&quot;}\">\n\t\t\t\t\t<div class=\"e-con-inner\">\n\t\t<div data-particle_enable=\"false\" data-particle-mobile-disabled=\"false\" class=\"elementor-element elementor-element-ec8572c e-con-full e-flex e-con e-child\" data-id=\"ec8572c\" data-element_type=\"container\" data-e-type=\"container\">\n\t\t\t\t<div class=\"elementor-element elementor-element-80c0561 at-heading-animation at-animation-heading-style-2 elementor-widget elementor-widget-heading\" data-id=\"80c0561\" data-element_type=\"widget\" data-e-type=\"widget\" data-settings=\"{&quot;ekit_we_effect_on&quot;:&quot;none&quot;}\" data-widget_type=\"heading.default\">\n\t\t\t\t\t<h1 class=\"elementor-heading-title elementor-size-default\">Ke\u015fif<\/h1>\t\t\t\t<\/div>\n\t\t\t\t<div class=\"elementor-element elementor-element-33cde0b elementor-hidden-desktop elementor-hidden-tablet elementor-hidden-mobile elementor-invisible elementor-widget elementor-widget-footclub-breadcrumb\" data-id=\"33cde0b\" data-element_type=\"widget\" data-e-type=\"widget\" data-settings=\"{&quot;_animation&quot;:&quot;fadeInUp&quot;,&quot;ekit_we_effect_on&quot;:&quot;none&quot;}\" data-widget_type=\"footclub-breadcrumb.default\">\n\t\t\t\t<div class=\"elementor-widget-container\">\n\t\t\t\t\t<div role=\"navigation\" aria-label=\"Gezinti izi\" class=\"breadcrumb-trail breadcrumbs\"><ol class=\"trail-items\"><li class=\"trail-item trail-begin\"><a href=\"https:\/\/nextfootballstars.com\/tr\/\" rel=\"home\"><span>Ana Sayfa<\/span><\/a><\/li><li class=\"trail-item trail-end\"><span><span>Ke\u015fif<\/span><\/span><\/li><\/ol><\/div>\t\t\t\t<\/div>\n\t\t\t\t<\/div>\n\t\t\t\t<\/div>\n\t\t\t\t\t<\/div>\n\t\t\t\t<\/div>\n\t\t<div data-particle_enable=\"false\" data-particle-mobile-disabled=\"false\" class=\"elementor-element elementor-element-d203467 e-con-full elementor-hidden-desktop elementor-hidden-tablet elementor-hidden-mobile e-flex e-con e-parent\" data-id=\"d203467\" data-element_type=\"container\" data-e-type=\"container\">\n\t\t<div data-particle_enable=\"false\" data-particle-mobile-disabled=\"false\" class=\"elementor-element elementor-element-39c046d e-con-full e-flex e-con e-child\" data-id=\"39c046d\" data-element_type=\"container\" data-e-type=\"container\">\n\t\t\t\t<div class=\"elementor-element elementor-element-a610149 our-scrolling-ticker-stellar ticker-position-left elementor-widget elementor-widget-elementskit-content-ticker\" data-id=\"a610149\" data-element_type=\"widget\" data-e-type=\"widget\" data-settings=\"{&quot;ekit_we_effect_on&quot;:&quot;none&quot;}\" data-widget_type=\"elementskit-content-ticker.default\">\n\t\t\t\t\t<div class=\"ekit-wid-con\" >\n\t\t<div id=\"content-ticker-a610149\" class=\"ekit-content-ticker-wrapper\" data-content-settings=\"{&quot;type&quot;:&quot;content_ticker&quot;,&quot;settingOptions&quot;:{&quot;tickerSpeed&quot;:30,&quot;tickerDirection&quot;:null,&quot;tickerEffect&quot;:&quot;marquee&quot;,&quot;tickerAutoPlay&quot;:null,&quot;tickerDelay&quot;:3,&quot;tickerReverseDirection&quot;:&quot;&quot;,&quot;tickerGapBetween&quot;:&quot;&quot;,&quot;tickerGrabCursor&quot;:null}}\">\n\t\t\t<div class=\"ekit-content-items\">\n\t\t\t\t\t\t\t\t\t<div class=\"ticker ekitMarqueeSwiper ekit-marquee\">\n\t\t\t\t\t\t<div class=\"marquee-wrapper\">\n\t\t\t\t\t\t\t\t\t\t<div class=\"elementor-repeater-item-a3aa200 ekit-marquee-item ticker-item\">\n\t\t\t\t<img decoding=\"async\" width=\"40\" height=\"40\" src=\"https:\/\/nextfootballstars.com\/wp-content\/uploads\/2025\/07\/icon-football.svg\" class=\"attachment-full size-full wp-image-665\" alt=\"\" \/> \n\t\t\t\t<div class=\"ekit-title-and-description\">\n\t\t\t\t\t<a >\u0130nan<\/a>\n\t\t\t\t\t\t\t\t\t<\/div>\n\t\t\t<\/div>\n\t\t\t\t\t<div class=\"elementor-repeater-item-cccdd06 ekit-marquee-item ticker-item\">\n\t\t\t\t<img fetchpriority=\"high\" decoding=\"async\" width=\"264\" height=\"263\" src=\"https:\/\/nextfootballstars.com\/wp-content\/uploads\/2025\/10\/logo.png\" class=\"attachment-full size-full wp-image-19\" alt=\"\" srcset=\"https:\/\/nextfootballstars.com\/wp-content\/uploads\/2025\/10\/logo.png 264w, https:\/\/nextfootballstars.com\/wp-content\/uploads\/2025\/10\/logo-100x100.png 100w, https:\/\/nextfootballstars.com\/wp-content\/uploads\/2025\/10\/logo-150x150.png 150w\" sizes=\"(max-width: 264px) 100vw, 264px\" \/> \n\t\t\t\t<div class=\"ekit-title-and-description\">\n\t\t\t\t\t<a >Oyna<\/a>\n\t\t\t\t\t\t\t\t\t<\/div>\n\t\t\t<\/div>\n\t\t\t\t\t<div class=\"elementor-repeater-item-8fe2ef2 ekit-marquee-item ticker-item\">\n\t\t\t\t<img decoding=\"async\" width=\"40\" height=\"40\" src=\"https:\/\/nextfootballstars.com\/wp-content\/uploads\/2025\/07\/icon-football.svg\" class=\"attachment-full size-full wp-image-665\" alt=\"\" \/> \n\t\t\t\t<div class=\"ekit-title-and-description\">\n\t\t\t\t\t<a >Zafer<\/a>\n\t\t\t\t\t\t\t\t\t<\/div>\n\t\t\t<\/div>\n\t\t\t\t\t<div class=\"elementor-repeater-item-6a37025 ekit-marquee-item ticker-item\">\n\t\t\t\t<img fetchpriority=\"high\" decoding=\"async\" width=\"264\" height=\"263\" src=\"https:\/\/nextfootballstars.com\/wp-content\/uploads\/2025\/10\/logo.png\" class=\"attachment-full size-full wp-image-19\" alt=\"\" srcset=\"https:\/\/nextfootballstars.com\/wp-content\/uploads\/2025\/10\/logo.png 264w, https:\/\/nextfootballstars.com\/wp-content\/uploads\/2025\/10\/logo-100x100.png 100w, https:\/\/nextfootballstars.com\/wp-content\/uploads\/2025\/10\/logo-150x150.png 150w\" sizes=\"(max-width: 264px) 100vw, 264px\" \/> \n\t\t\t\t<div class=\"ekit-title-and-description\">\n\t\t\t\t\t<a >G\u00fc\u00e7<\/a>\n\t\t\t\t\t\t\t\t\t<\/div>\n\t\t\t<\/div>\n\t\t\t\t\t<div class=\"elementor-repeater-item-d38409e ekit-marquee-item ticker-item\">\n\t\t\t\t<img decoding=\"async\" width=\"40\" height=\"40\" src=\"https:\/\/nextfootballstars.com\/wp-content\/uploads\/2025\/07\/icon-football.svg\" class=\"attachment-full size-full wp-image-665\" alt=\"\" \/> \n\t\t\t\t<div class=\"ekit-title-and-description\">\n\t\t\t\t\t<a >Tutku<\/a>\n\t\t\t\t\t\t\t\t\t<\/div>\n\t\t\t<\/div>\n\t\t\t\t\t<div class=\"elementor-repeater-item-f8a0588 ekit-marquee-item ticker-item\">\n\t\t\t\t<img fetchpriority=\"high\" decoding=\"async\" width=\"264\" height=\"263\" src=\"https:\/\/nextfootballstars.com\/wp-content\/uploads\/2025\/10\/logo.png\" class=\"attachment-full size-full wp-image-19\" alt=\"\" srcset=\"https:\/\/nextfootballstars.com\/wp-content\/uploads\/2025\/10\/logo.png 264w, https:\/\/nextfootballstars.com\/wp-content\/uploads\/2025\/10\/logo-100x100.png 100w, https:\/\/nextfootballstars.com\/wp-content\/uploads\/2025\/10\/logo-150x150.png 150w\" sizes=\"(max-width: 264px) 100vw, 264px\" \/> \n\t\t\t\t<div class=\"ekit-title-and-description\">\n\t\t\t\t\t<a >Futbol<\/a>\n\t\t\t\t\t\t\t\t\t<\/div>\n\t\t\t<\/div>\n\t\t\t\t\t\t\t\t<\/div>\n\t\t\t\t\t<\/div>\n\t\t\t\t\t\t\t<\/div>\n\t\t<\/div>\n\t\t<\/div>\t\t\t\t<\/div>\n\t\t\t\t<\/div>\n\t\t\t\t<\/div>\n\t\t<div data-particle_enable=\"false\" data-particle-mobile-disabled=\"false\" class=\"elementor-element elementor-element-87f20d0 e-flex e-con-boxed e-con e-parent\" data-id=\"87f20d0\" data-element_type=\"container\" data-e-type=\"container\">\n\t\t\t\t\t<div class=\"e-con-inner\">\n\t\t<div data-particle_enable=\"false\" data-particle-mobile-disabled=\"false\" class=\"elementor-element elementor-element-599c698 e-con-full e-flex e-con e-child\" data-id=\"599c698\" data-element_type=\"container\" data-e-type=\"container\">\n\t\t\t\t<div class=\"elementor-element elementor-element-df80352 elementor-absolute section-bg-title at-heading-animation at-animation-heading-none elementor-invisible elementor-widget elementor-widget-heading\" data-id=\"df80352\" data-element_type=\"widget\" data-e-type=\"widget\" data-settings=\"{&quot;_position&quot;:&quot;absolute&quot;,&quot;_animation&quot;:&quot;fadeInUp&quot;,&quot;ekit_we_effect_on&quot;:&quot;none&quot;}\" data-widget_type=\"heading.default\">\n\t\t\t\t\t<h3 class=\"elementor-heading-title elementor-size-default\">Sat\u0131l\u0131k de\u011fildir<\/h3>\t\t\t\t<\/div>\n\t\t\t\t<div class=\"elementor-element elementor-element-d4cdcca section-title at-heading-animation at-animation-heading-none elementor-invisible elementor-widget elementor-widget-heading\" data-id=\"d4cdcca\" data-element_type=\"widget\" data-e-type=\"widget\" data-settings=\"{&quot;_animation&quot;:&quot;fadeInUp&quot;,&quot;_animation_delay&quot;:100,&quot;ekit_we_effect_on&quot;:&quot;none&quot;}\" data-widget_type=\"heading.default\">\n\t\t\t\t\t<h3 class=\"elementor-heading-title elementor-size-default\">Ekibimiz<\/h3>\t\t\t\t<\/div>\n\t\t\t\t<div class=\"elementor-element elementor-element-1239143 at-heading-animation at-animation-heading-style-2 elementor-widget elementor-widget-heading\" data-id=\"1239143\" data-element_type=\"widget\" data-e-type=\"widget\" data-settings=\"{&quot;ekit_we_effect_on&quot;:&quot;none&quot;}\" data-widget_type=\"heading.default\">\n\t\t\t\t\t<h2 class=\"elementor-heading-title elementor-size-default\">Ke\u015fif  <span><br>Merkez.<\/span><\/h2>\t\t\t\t<\/div>\n\t\t\t\t<\/div>\n\t\t<div data-particle_enable=\"false\" data-particle-mobile-disabled=\"false\" class=\"elementor-element elementor-element-5a133bf e-con-full e-flex e-con e-child\" data-id=\"5a133bf\" data-element_type=\"container\" data-e-type=\"container\">\n\t\t<div data-particle_enable=\"false\" data-particle-mobile-disabled=\"false\" class=\"elementor-element elementor-element-950dc4f e-con-full e-flex e-con e-child\" data-id=\"950dc4f\" data-element_type=\"container\" data-e-type=\"container\">\n\t\t<div data-particle_enable=\"false\" data-particle-mobile-disabled=\"false\" class=\"elementor-element elementor-element-a58478e e-con-full team-member-item-stellar e-flex elementor-invisible e-con e-child\" data-id=\"a58478e\" data-element_type=\"container\" data-e-type=\"container\" data-settings=\"{&quot;animation&quot;:&quot;fadeInUp&quot;}\">\n\t\t\t\t<div class=\"elementor-element elementor-element-8f93510 ekit-equal-height-disable elementor-widget elementor-widget-elementskit-image-box\" data-id=\"8f93510\" data-element_type=\"widget\" data-e-type=\"widget\" data-settings=\"{&quot;ekit_we_effect_on&quot;:&quot;none&quot;}\" data-widget_type=\"elementskit-image-box.default\">\n\t\t\t\t\t<div class=\"ekit-wid-con\" >\n            <div class=\"elementskit-info-image-box ekit-image-box text-center simple-card\" >\n\n                <a href=\"https:\/\/nextfootballstars.com\/tr\/kesif\/kesif-gorevlisi-stefan-soldatovic\/\">\n                <div class=\"elementskit-box-header image-box-img-center\">\n\n                    <img decoding=\"async\" width=\"549\" height=\"667\" src=\"https:\/\/nextfootballstars.com\/wp-content\/uploads\/2026\/04\/stefan-soldatovic-profilna.webp\" class=\"attachment-full size-full wp-image-21184\" alt=\"Stefan Soldatovic - NFS Sacout\" srcset=\"https:\/\/nextfootballstars.com\/wp-content\/uploads\/2026\/04\/stefan-soldatovic-profilna.webp 549w, https:\/\/nextfootballstars.com\/wp-content\/uploads\/2026\/04\/stefan-soldatovic-profilna-247x300.webp 247w, https:\/\/nextfootballstars.com\/wp-content\/uploads\/2026\/04\/stefan-soldatovic-profilna-10x12.webp 10w\" sizes=\"(max-width: 549px) 100vw, 549px\" \/>\n                <\/div>\n                <\/a>\n                <div class=\"elementskit-box-body ekit-image-box-body\">\n                    <div class=\"elementskit-box-content ekit-image-box-body-inner\">\n                                                <h3 class=\"elementskit-info-box-title\">\n\n                        Stefan Soldatovi\u0107\n                        \n                    <\/h3>\n                                                            <div class=\"elementskit-box-style-content\">\n                        NFS Expert Scout                    <\/div>\n                                    <\/div>\n\n                                <div class=\"elementskit-box-footer\">\n                    <div class=\"box-footer\">\n                        <div class=\"btn-wraper\">\n                                                            <a href=\"#\" class=\"elementskit-btn whitespace--normal\">\n                                    \n                                    <svg xmlns=\"http:\/\/www.w3.org\/2000\/svg\" width=\"14\" height=\"14\" viewbox=\"0 0 14 14\" fill=\"none\"><path d=\"M0 12.518L10.4224 2.09574H3.61706V0H14V10.3829H11.9043V3.57765L1.48203 14L0 12.518Z\" fill=\"currentColor\"><\/path><\/svg>\n                                                                     <\/a>\n                                                        <\/div>\n                    <\/div>\n                <\/div>\n                            <\/div>\n            <\/div>\n    <\/div>\t\t\t\t<\/div>\n\t\t\t\t<div class=\"elementor-element elementor-element-76ec129 elementor-hidden-desktop elementor-hidden-tablet elementor-hidden-mobile elementor-widget elementor-widget-elementskit-social-media\" data-id=\"76ec129\" data-element_type=\"widget\" data-e-type=\"widget\" data-settings=\"{&quot;ekit_we_effect_on&quot;:&quot;none&quot;}\" data-widget_type=\"elementskit-social-media.default\">\n\t\t\t\t<div class=\"elementor-widget-container\">\n\t\t\t\t\t<div class=\"ekit-wid-con\" >\t\t\t <ul class=\"ekit_social_media\">\n\t\t\t\t\t\t\t\t\t\t\t\t\t\t<li class=\"elementor-repeater-item-88bc2c6\">\n\t\t\t\t\t    <a\n\t\t\t\t\t\thref=\"#\" aria-label=\"Instagram\" class=\"1\" >\n\t\t\t\t\t\t\t\n\t\t\t\t\t\t\t<i aria-hidden=\"true\" class=\"icon icon-instagram-1\"><\/i>\n                                                                                                            <\/a>\n                    <\/li>\n                    \t\t\t\t\t\t\t\t\t\t\t\t\t\t<li class=\"elementor-repeater-item-12ca0f2\">\n\t\t\t\t\t    <a\n\t\t\t\t\t\thref=\"#\" aria-label=\"Facebook\" class=\"facebook\" >\n\t\t\t\t\t\t\t\n\t\t\t\t\t\t\t<i aria-hidden=\"true\" class=\"icon icon-facebook\"><\/i>\n                                                                                                            <\/a>\n                    <\/li>\n                    \t\t\t\t\t\t\t\t\t\t\t\t\t\t<li class=\"elementor-repeater-item-bdea4c9\">\n\t\t\t\t\t    <a\n\t\t\t\t\t\thref=\"#\" aria-label=\"Top s\u00fcrme\" class=\"dribbble\" >\n\t\t\t\t\t\t\t\n\t\t\t\t\t\t\t<i aria-hidden=\"true\" class=\"icon icon-dribbble\"><\/i>\n                                                                                                            <\/a>\n                    <\/li>\n                    \t\t\t\t\t\t\t<\/ul>\n\t\t<\/div>\t\t\t\t<\/div>\n\t\t\t\t<\/div>\n\t\t\t\t<\/div>\n\t\t<div data-particle_enable=\"false\" data-particle-mobile-disabled=\"false\" class=\"elementor-element elementor-element-70424f4 e-con-full team-member-item-stellar e-flex elementor-invisible e-con e-child\" data-id=\"70424f4\" data-element_type=\"container\" data-e-type=\"container\" data-settings=\"{&quot;animation&quot;:&quot;fadeInUp&quot;,&quot;animation_delay&quot;:100}\">\n\t\t\t\t<div class=\"elementor-element elementor-element-c9e8820 ekit-equal-height-disable elementor-widget elementor-widget-elementskit-image-box\" data-id=\"c9e8820\" data-element_type=\"widget\" data-e-type=\"widget\" data-settings=\"{&quot;ekit_we_effect_on&quot;:&quot;none&quot;}\" data-widget_type=\"elementskit-image-box.default\">\n\t\t\t\t\t<div class=\"ekit-wid-con\" >\n            <div class=\"elementskit-info-image-box ekit-image-box text-center simple-card\" >\n\n                <a href=\"https:\/\/nextfootballstars.com\/tr\/kesif\/marija-popovic\/\">\n                <div class=\"elementskit-box-header image-box-img-center\">\n\n                    <img loading=\"lazy\" decoding=\"async\" width=\"1860\" height=\"2560\" src=\"https:\/\/nextfootballstars.com\/wp-content\/uploads\/2026\/05\/NFS-Scout-MarijaP-scaled.webp\" class=\"attachment-full size-full wp-image-25031\" alt=\"Marija Popovi\u0107 - NFS Scout\" srcset=\"https:\/\/nextfootballstars.com\/wp-content\/uploads\/2026\/05\/NFS-Scout-MarijaP-scaled.webp 1860w, https:\/\/nextfootballstars.com\/wp-content\/uploads\/2026\/05\/NFS-Scout-MarijaP-218x300.webp 218w, https:\/\/nextfootballstars.com\/wp-content\/uploads\/2026\/05\/NFS-Scout-MarijaP-744x1024.webp 744w, https:\/\/nextfootballstars.com\/wp-content\/uploads\/2026\/05\/NFS-Scout-MarijaP-768x1057.webp 768w, https:\/\/nextfootballstars.com\/wp-content\/uploads\/2026\/05\/NFS-Scout-MarijaP-1116x1536.webp 1116w, https:\/\/nextfootballstars.com\/wp-content\/uploads\/2026\/05\/NFS-Scout-MarijaP-1488x2048.webp 1488w, https:\/\/nextfootballstars.com\/wp-content\/uploads\/2026\/05\/NFS-Scout-MarijaP-9x12.webp 9w, https:\/\/nextfootballstars.com\/wp-content\/uploads\/2026\/05\/NFS-Scout-MarijaP-600x826.webp 600w\" sizes=\"(max-width: 1860px) 100vw, 1860px\" \/>\n                <\/div>\n                <\/a>\n                <div class=\"elementskit-box-body ekit-image-box-body\">\n                    <div class=\"elementskit-box-content ekit-image-box-body-inner\">\n                                                <h3 class=\"elementskit-info-box-title\">\n\n                        Marija Popovi\u0107\n                        \n                    <\/h3>\n                                                            <div class=\"elementskit-box-style-content\">\n                        NFS Expert Scout                    <\/div>\n                                    <\/div>\n\n                                <div class=\"elementskit-box-footer\">\n                    <div class=\"box-footer\">\n                        <div class=\"btn-wraper\">\n                                                            <a href=\"#\" class=\"elementskit-btn whitespace--normal\">\n                                    \n                                    <svg xmlns=\"http:\/\/www.w3.org\/2000\/svg\" width=\"14\" height=\"14\" viewbox=\"0 0 14 14\" fill=\"none\"><path d=\"M0 12.518L10.4224 2.09574H3.61706V0H14V10.3829H11.9043V3.57765L1.48203 14L0 12.518Z\" fill=\"currentColor\"><\/path><\/svg>\n                                                                     <\/a>\n                                                        <\/div>\n                    <\/div>\n                <\/div>\n                            <\/div>\n            <\/div>\n    <\/div>\t\t\t\t<\/div>\n\t\t\t\t<div class=\"elementor-element elementor-element-bf9b4f3 elementor-hidden-desktop elementor-hidden-tablet elementor-hidden-mobile elementor-widget elementor-widget-elementskit-social-media\" data-id=\"bf9b4f3\" data-element_type=\"widget\" data-e-type=\"widget\" data-settings=\"{&quot;ekit_we_effect_on&quot;:&quot;none&quot;}\" data-widget_type=\"elementskit-social-media.default\">\n\t\t\t\t<div class=\"elementor-widget-container\">\n\t\t\t\t\t<div class=\"ekit-wid-con\" >\t\t\t <ul class=\"ekit_social_media\">\n\t\t\t\t\t\t\t\t\t\t\t\t\t\t<li class=\"elementor-repeater-item-88bc2c6\">\n\t\t\t\t\t    <a\n\t\t\t\t\t\thref=\"#\" aria-label=\"Instagram\" class=\"1\" >\n\t\t\t\t\t\t\t\n\t\t\t\t\t\t\t<i aria-hidden=\"true\" class=\"icon icon-instagram-1\"><\/i>\n                                                                                                            <\/a>\n                    <\/li>\n                    \t\t\t\t\t\t\t\t\t\t\t\t\t\t<li class=\"elementor-repeater-item-12ca0f2\">\n\t\t\t\t\t    <a\n\t\t\t\t\t\thref=\"#\" aria-label=\"Facebook\" class=\"facebook\" >\n\t\t\t\t\t\t\t\n\t\t\t\t\t\t\t<i aria-hidden=\"true\" class=\"icon icon-facebook\"><\/i>\n                                                                                                            <\/a>\n                    <\/li>\n                    \t\t\t\t\t\t\t\t\t\t\t\t\t\t<li class=\"elementor-repeater-item-bdea4c9\">\n\t\t\t\t\t    <a\n\t\t\t\t\t\thref=\"#\" aria-label=\"Top s\u00fcrme\" class=\"dribbble\" >\n\t\t\t\t\t\t\t\n\t\t\t\t\t\t\t<i aria-hidden=\"true\" class=\"icon icon-dribbble\"><\/i>\n                                                                                                            <\/a>\n                    <\/li>\n                    \t\t\t\t\t\t\t<\/ul>\n\t\t<\/div>\t\t\t\t<\/div>\n\t\t\t\t<\/div>\n\t\t\t\t<\/div>\n\t\t<div data-particle_enable=\"false\" data-particle-mobile-disabled=\"false\" class=\"elementor-element elementor-element-f48c538 e-con-full team-member-item-stellar e-flex elementor-invisible e-con e-child\" data-id=\"f48c538\" data-element_type=\"container\" data-e-type=\"container\" data-settings=\"{&quot;animation&quot;:&quot;fadeInUp&quot;,&quot;animation_delay&quot;:200}\">\n\t\t\t\t<div class=\"elementor-element elementor-element-8f6e226 ekit-equal-height-disable elementor-widget elementor-widget-elementskit-image-box\" data-id=\"8f6e226\" data-element_type=\"widget\" data-e-type=\"widget\" data-settings=\"{&quot;ekit_we_effect_on&quot;:&quot;none&quot;}\" data-widget_type=\"elementskit-image-box.default\">\n\t\t\t\t\t<div class=\"ekit-wid-con\" >\n            <div class=\"elementskit-info-image-box ekit-image-box text-center simple-card\" >\n\n                <a href=\"https:\/\/nextfootballstars.com\/tr\/kesif\/srdjan-radovic\/\">\n                <div class=\"elementskit-box-header image-box-img-center\">\n\n                    <img loading=\"lazy\" decoding=\"async\" width=\"549\" height=\"667\" src=\"https:\/\/nextfootballstars.com\/wp-content\/uploads\/2026\/05\/NFS-Scout-Srdjan-Radovic.webp\" class=\"attachment-full size-full wp-image-25045\" alt=\"Sr\u0111an Radovi\u0107 - NFS Scout\" srcset=\"https:\/\/nextfootballstars.com\/wp-content\/uploads\/2026\/05\/NFS-Scout-Srdjan-Radovic.webp 549w, https:\/\/nextfootballstars.com\/wp-content\/uploads\/2026\/05\/NFS-Scout-Srdjan-Radovic-247x300.webp 247w, https:\/\/nextfootballstars.com\/wp-content\/uploads\/2026\/05\/NFS-Scout-Srdjan-Radovic-10x12.webp 10w\" sizes=\"(max-width: 549px) 100vw, 549px\" \/>\n                <\/div>\n                <\/a>\n                <div class=\"elementskit-box-body ekit-image-box-body\">\n                    <div class=\"elementskit-box-content ekit-image-box-body-inner\">\n                                                <h3 class=\"elementskit-info-box-title\">\n\n                        Sr\u0111an Radovi\u0107\n                        \n                    <\/h3>\n                                                            <div class=\"elementskit-box-style-content\">\n                        NFS CEO &amp; Expert Scout                    <\/div>\n                                    <\/div>\n\n                                <div class=\"elementskit-box-footer\">\n                    <div class=\"box-footer\">\n                        <div class=\"btn-wraper\">\n                                                            <a href=\"#\" class=\"elementskit-btn whitespace--normal\">\n                                    \n                                    <svg xmlns=\"http:\/\/www.w3.org\/2000\/svg\" width=\"14\" height=\"14\" viewbox=\"0 0 14 14\" fill=\"none\"><path d=\"M0 12.518L10.4224 2.09574H3.61706V0H14V10.3829H11.9043V3.57765L1.48203 14L0 12.518Z\" fill=\"currentColor\"><\/path><\/svg>\n                                                                     <\/a>\n                                                        <\/div>\n                    <\/div>\n                <\/div>\n                            <\/div>\n            <\/div>\n    <\/div>\t\t\t\t<\/div>\n\t\t\t\t<div class=\"elementor-element elementor-element-d8d46ef elementor-hidden-desktop elementor-hidden-tablet elementor-hidden-mobile elementor-widget elementor-widget-elementskit-social-media\" data-id=\"d8d46ef\" data-element_type=\"widget\" data-e-type=\"widget\" data-settings=\"{&quot;ekit_we_effect_on&quot;:&quot;none&quot;}\" data-widget_type=\"elementskit-social-media.default\">\n\t\t\t\t<div class=\"elementor-widget-container\">\n\t\t\t\t\t<div class=\"ekit-wid-con\" >\t\t\t <ul class=\"ekit_social_media\">\n\t\t\t\t\t\t\t\t\t\t\t\t\t\t<li class=\"elementor-repeater-item-88bc2c6\">\n\t\t\t\t\t    <a\n\t\t\t\t\t\thref=\"#\" aria-label=\"Instagram\" class=\"1\" >\n\t\t\t\t\t\t\t\n\t\t\t\t\t\t\t<i aria-hidden=\"true\" class=\"icon icon-instagram-1\"><\/i>\n                                                                                                            <\/a>\n                    <\/li>\n                    \t\t\t\t\t\t\t\t\t\t\t\t\t\t<li class=\"elementor-repeater-item-12ca0f2\">\n\t\t\t\t\t    <a\n\t\t\t\t\t\thref=\"#\" aria-label=\"Facebook\" class=\"facebook\" >\n\t\t\t\t\t\t\t\n\t\t\t\t\t\t\t<i aria-hidden=\"true\" class=\"icon icon-facebook\"><\/i>\n                                                                                                            <\/a>\n                    <\/li>\n                    \t\t\t\t\t\t\t\t\t\t\t\t\t\t<li class=\"elementor-repeater-item-bdea4c9\">\n\t\t\t\t\t    <a\n\t\t\t\t\t\thref=\"#\" aria-label=\"Top s\u00fcrme\" class=\"dribbble\" >\n\t\t\t\t\t\t\t\n\t\t\t\t\t\t\t<i aria-hidden=\"true\" class=\"icon icon-dribbble\"><\/i>\n                                                                                                            <\/a>\n                    <\/li>\n                    \t\t\t\t\t\t\t<\/ul>\n\t\t<\/div>\t\t\t\t<\/div>\n\t\t\t\t<\/div>\n\t\t\t\t<\/div>\n\t\t\t\t<\/div>\n\t\t\t\t<\/div>\n\t\t\t\t\t<\/div>\n\t\t\t\t<\/div>\n\t\t\t\t<\/div>","protected":false},"excerpt":{"rendered":"<p>Scouting Home Veruj Igraj Pobedi Snaga Strast Fudbal NFS NA\u0160 TIM SCOUTING [&hellip;]<\/p>\n","protected":false},"author":1,"featured_media":0,"parent":0,"menu_order":0,"comment_status":"closed","ping_status":"closed","template":"elementor_header_footer","meta":{"_acf_changed":false,"footnotes":""},"class_list":["post-12970","page","type-page","status-publish","hentry"],"acf":[],"_links":{"self":[{"href":"https:\/\/nextfootballstars.com\/tr\/wp-json\/wp\/v2\/pages\/12970","targetHints":{"allow":["GET"]}}],"collection":[{"href":"https:\/\/nextfootballstars.com\/tr\/wp-json\/wp\/v2\/pages"}],"about":[{"href":"https:\/\/nextfootballstars.com\/tr\/wp-json\/wp\/v2\/types\/page"}],"author":[{"embeddable":true,"href":"https:\/\/nextfootballstars.com\/tr\/wp-json\/wp\/v2\/users\/1"}],"replies":[{"embeddable":true,"href":"https:\/\/nextfootballstars.com\/tr\/wp-json\/wp\/v2\/comments?post=12970"}],"version-history":[{"count":3,"href":"https:\/\/nextfootballstars.com\/tr\/wp-json\/wp\/v2\/pages\/12970\/revisions"}],"predecessor-version":[{"id":25065,"href":"https:\/\/nextfootballstars.com\/tr\/wp-json\/wp\/v2\/pages\/12970\/revisions\/25065"}],"wp:attachment":[{"href":"https:\/\/nextfootballstars.com\/tr\/wp-json\/wp\/v2\/media?parent=12970"}],"curies":[{"name":"wp","href":"https:\/\/api.w.org\/{rel}","templated":true}]}}