{"id":22527,"date":"2026-04-21T08:45:48","date_gmt":"2026-04-21T08:45:48","guid":{"rendered":"https:\/\/nextfootballstars.com\/?page_id=22527"},"modified":"2026-04-23T14:04:11","modified_gmt":"2026-04-23T14:04:11","slug":"en-iyi-11-futbolcu-listesi-olusturmak","status":"publish","type":"page","link":"https:\/\/nextfootballstars.com\/tr\/kreiranje-top11-fudbalskog-profila\/","title":{"rendered":"Top11 futbol profili olu\u015fturma"},"content":{"rendered":"<div data-elementor-type=\"wp-page\" data-elementor-id=\"22527\" class=\"elementor elementor-22527\" data-elementor-post-type=\"page\">\n\t\t\t\t<div data-particle_enable=\"false\" data-particle-mobile-disabled=\"false\" class=\"elementor-element elementor-element-f5090d3 e-con-full e-flex e-con e-parent\" data-id=\"f5090d3\" data-element_type=\"container\" data-e-type=\"container\">\n\t\t<div data-particle_enable=\"false\" data-particle-mobile-disabled=\"false\" class=\"elementor-element elementor-element-74e40c9 e-con-full e-flex e-con e-child\" data-id=\"74e40c9\" data-element_type=\"container\" data-e-type=\"container\">\n\t\t\t\t<div class=\"elementor-element elementor-element-3ef3c48 our-scrolling-ticker-stellar ticker-position-left elementor-widget elementor-widget-elementskit-content-ticker\" data-id=\"3ef3c48\" data-element_type=\"widget\" data-e-type=\"widget\" data-settings=\"{&quot;ekit_we_effect_on&quot;:&quot;none&quot;}\" data-widget_type=\"elementskit-content-ticker.default\">\n\t\t\t\t\t<div class=\"ekit-wid-con\" >\n\t\t<div id=\"content-ticker-3ef3c48\" class=\"ekit-content-ticker-wrapper\" data-content-settings=\"{&quot;type&quot;:&quot;content_ticker&quot;,&quot;settingOptions&quot;:{&quot;tickerSpeed&quot;:30,&quot;tickerDirection&quot;:null,&quot;tickerEffect&quot;:&quot;marquee&quot;,&quot;tickerAutoPlay&quot;:null,&quot;tickerDelay&quot;:3,&quot;tickerReverseDirection&quot;:&quot;&quot;,&quot;tickerGapBetween&quot;:&quot;&quot;,&quot;tickerGrabCursor&quot;:null}}\">\n\t\t\t<div class=\"ekit-content-items\">\n\t\t\t\t\t\t\t\t\t<div class=\"ticker ekitMarqueeSwiper ekit-marquee\">\n\t\t\t\t\t\t<div class=\"marquee-wrapper\">\n\t\t\t\t\t\t\t\t\t\t<div class=\"elementor-repeater-item-a3aa200 ekit-marquee-item ticker-item\">\n\t\t\t\t<img decoding=\"async\" width=\"40\" height=\"40\" src=\"https:\/\/nextfootballstars.com\/wp-content\/uploads\/2025\/07\/icon-football.svg\" class=\"attachment-full size-full wp-image-665\" alt=\"\" \/> \n\t\t\t\t<div class=\"ekit-title-and-description\">\n\t\t\t\t\t<a >1. Ad\u0131m - Ebeveyn bilgilerini girin<\/a>\n\t\t\t\t\t\t\t\t\t\t\t<p class=\"ticker-description\">Platforma eri\u015fmek i\u00e7in bir ebeveyn profili olu\u015fturun.<\/p>\n\t\t\t\t\t\t\t\t\t<\/div>\n\t\t\t<\/div>\n\t\t\t\t\t<div class=\"elementor-repeater-item-f70ea5a ekit-marquee-item ticker-item\">\n\t\t\t\t<img fetchpriority=\"high\" decoding=\"async\" width=\"264\" height=\"263\" src=\"https:\/\/nextfootballstars.com\/wp-content\/uploads\/2025\/10\/logo.png\" class=\"attachment-full size-full wp-image-19\" alt=\"\" srcset=\"https:\/\/nextfootballstars.com\/wp-content\/uploads\/2025\/10\/logo.png 264w, https:\/\/nextfootballstars.com\/wp-content\/uploads\/2025\/10\/logo-100x100.png 100w, https:\/\/nextfootballstars.com\/wp-content\/uploads\/2025\/10\/logo-150x150.png 150w\" sizes=\"(max-width: 264px) 100vw, 264px\" \/> \n\t\t\t\t<div class=\"ekit-title-and-description\">\n\t\t\t\t\t<a >2. Ad\u0131m - Gen\u00e7 futbolcunun profilini doldurun<\/a>\n\t\t\t\t\t\t\t\t\t\t\t<p class=\"ticker-description\">Bu bilgiler, antren\u00f6rlerin ve yetenek avc\u0131lar\u0131n\u0131n daha do\u011fru de\u011ferlendirmeler yapmas\u0131na yard\u0131mc\u0131 olur.<\/p>\n\t\t\t\t\t\t\t\t\t<\/div>\n\t\t\t<\/div>\n\t\t\t\t\t<div class=\"elementor-repeater-item-cccdd06 ekit-marquee-item ticker-item\">\n\t\t\t\t<img fetchpriority=\"high\" decoding=\"async\" width=\"264\" height=\"263\" src=\"https:\/\/nextfootballstars.com\/wp-content\/uploads\/2025\/10\/logo.png\" class=\"attachment-full size-full wp-image-19\" alt=\"\" srcset=\"https:\/\/nextfootballstars.com\/wp-content\/uploads\/2025\/10\/logo.png 264w, https:\/\/nextfootballstars.com\/wp-content\/uploads\/2025\/10\/logo-100x100.png 100w, https:\/\/nextfootballstars.com\/wp-content\/uploads\/2025\/10\/logo-150x150.png 150w\" sizes=\"(max-width: 264px) 100vw, 264px\" \/> \n\t\t\t\t<div class=\"ekit-title-and-description\">\n\t\t\t\t\t<a >3. Ad\u0131m - Foto\u011fraf ve videolar\u0131 ekleyin <\/a>\n\t\t\t\t\t\t\t\t\t\t\t<p class=\"ticker-description\">G\u00f6rsel materyaller, profilin g\u00f6r\u00fcn\u00fcrl\u00fc\u011f\u00fcn\u00fc \u00f6nemli \u00f6l\u00e7\u00fcde art\u0131r\u0131r.<\/p>\n\t\t\t\t\t\t\t\t\t<\/div>\n\t\t\t<\/div>\n\t\t\t\t\t<div class=\"elementor-repeater-item-851e20c ekit-marquee-item ticker-item\">\n\t\t\t\t<img fetchpriority=\"high\" decoding=\"async\" width=\"264\" height=\"263\" src=\"https:\/\/nextfootballstars.com\/wp-content\/uploads\/2025\/10\/logo.png\" class=\"attachment-full size-full wp-image-19\" alt=\"\" srcset=\"https:\/\/nextfootballstars.com\/wp-content\/uploads\/2025\/10\/logo.png 264w, https:\/\/nextfootballstars.com\/wp-content\/uploads\/2025\/10\/logo-100x100.png 100w, https:\/\/nextfootballstars.com\/wp-content\/uploads\/2025\/10\/logo-150x150.png 150w\" sizes=\"(max-width: 264px) 100vw, 264px\" \/> \n\t\t\t\t<div class=\"ekit-title-and-description\">\n\t\t\t\t\t<a >4. Ad\u0131m - Profil etkinle\u015ftirme<\/a>\n\t\t\t\t\t\t\t\t\t\t\t<p class=\"ticker-description\">Bir profil olu\u015fturun ve En \u0130yi 11 se\u00e7kisine kat\u0131l\u0131n<\/p>\n\t\t\t\t\t\t\t\t\t<\/div>\n\t\t\t<\/div>\n\t\t\t\t\t\t\t\t<\/div>\n\t\t\t\t\t<\/div>\n\t\t\t\t\t\t\t<\/div>\n\t\t<\/div>\n\t\t<\/div>\t\t\t\t<\/div>\n\t\t\t\t<\/div>\n\t\t\t\t<\/div>\n\t\t<div data-particle_enable=\"false\" data-particle-mobile-disabled=\"false\" class=\"elementor-element elementor-element-1714d88 e-con-full e-flex e-con e-child\" data-id=\"1714d88\" data-element_type=\"container\" data-e-type=\"container\">\n\t\t\t\t<div class=\"elementor-element elementor-element-d4bcb46 elementor-widget__width-initial hero-counter-stellar elementor-widget elementor-widget-counter\" data-id=\"d4bcb46\" data-element_type=\"widget\" data-e-type=\"widget\" data-settings=\"{&quot;ekit_we_effect_on&quot;:&quot;none&quot;}\" data-widget_type=\"counter.default\">\n\t\t\t\t\t\t\t<div class=\"elementor-counter\">\n\t\t\t<div class=\"elementor-counter-title\">Aktif oyuncular<\/div>\t\t\t<div class=\"elementor-counter-number-wrapper\">\n\t\t\t\t<span class=\"elementor-counter-number-prefix\"><\/span>\n\t\t\t\t<span class=\"elementor-counter-number\" data-duration=\"300\" data-to-value=\"170\" data-from-value=\"70\" data-delimiter=\",\">70<\/span>\n\t\t\t\t<span class=\"elementor-counter-number-suffix\">+<\/span>\n\t\t\t<\/div>\n\t\t<\/div>\n\t\t\t\t\t\t<\/div>\n\t\t\t\t<div class=\"elementor-element elementor-element-9e8dcfc elementor-widget__width-initial hero-counter-stellar elementor-widget elementor-widget-counter\" data-id=\"9e8dcfc\" data-element_type=\"widget\" data-e-type=\"widget\" data-settings=\"{&quot;ekit_we_effect_on&quot;:&quot;none&quot;}\" data-widget_type=\"counter.default\">\n\t\t\t\t\t\t\t<div class=\"elementor-counter\">\n\t\t\t<div class=\"elementor-counter-title\">Futbol Okulari<\/div>\t\t\t<div class=\"elementor-counter-number-wrapper\">\n\t\t\t\t<span class=\"elementor-counter-number-prefix\"><\/span>\n\t\t\t\t<span class=\"elementor-counter-number\" data-duration=\"300\" data-to-value=\"130\" data-from-value=\"70\">70<\/span>\n\t\t\t\t<span class=\"elementor-counter-number-suffix\">+<\/span>\n\t\t\t<\/div>\n\t\t<\/div>\n\t\t\t\t\t\t<\/div>\n\t\t\t\t<div class=\"elementor-element elementor-element-60adf14 elementor-widget__width-initial hero-counter-stellar elementor-widget elementor-widget-counter\" data-id=\"60adf14\" data-element_type=\"widget\" data-e-type=\"widget\" data-settings=\"{&quot;ekit_we_effect_on&quot;:&quot;none&quot;}\" data-widget_type=\"counter.default\">\n\t\t\t\t\t\t\t<div class=\"elementor-counter\">\n\t\t\t<div class=\"elementor-counter-title\">D\u00fcnya \u00fclkesi<\/div>\t\t\t<div class=\"elementor-counter-number-wrapper\">\n\t\t\t\t<span class=\"elementor-counter-number-prefix\"><\/span>\n\t\t\t\t<span class=\"elementor-counter-number\" data-duration=\"300\" data-to-value=\"30\" data-from-value=\"0\" data-delimiter=\",\">0<\/span>\n\t\t\t\t<span class=\"elementor-counter-number-suffix\">+<\/span>\n\t\t\t<\/div>\n\t\t<\/div>\n\t\t\t\t\t\t<\/div>\n\t\t\t\t<\/div>\n\t\t<div data-particle_enable=\"false\" data-particle-mobile-disabled=\"false\" class=\"elementor-element elementor-element-4a5eb89 e-flex e-con-boxed e-con e-parent\" data-id=\"4a5eb89\" data-element_type=\"container\" data-e-type=\"container\">\n\t\t\t\t\t<div class=\"e-con-inner\">\n\t\t<div data-particle_enable=\"false\" data-particle-mobile-disabled=\"false\" class=\"elementor-element elementor-element-227a651 e-con-full e-flex e-con e-child\" data-id=\"227a651\" data-element_type=\"container\" data-e-type=\"container\">\n\t\t<div data-particle_enable=\"false\" data-particle-mobile-disabled=\"false\" class=\"elementor-element elementor-element-fd198bd e-con-full e-flex e-con e-child\" data-id=\"fd198bd\" data-element_type=\"container\" data-e-type=\"container\">\n\t\t<div data-particle_enable=\"false\" data-particle-mobile-disabled=\"false\" class=\"elementor-element elementor-element-a1c788c e-con-full e-flex elementor-invisible e-con e-child\" data-id=\"a1c788c\" data-element_type=\"container\" data-e-type=\"container\" data-settings=\"{&quot;animation&quot;:&quot;fadeInUp&quot;,&quot;animation_delay&quot;:300}\">\n\t\t\t\t<div class=\"elementor-element elementor-element-b531da5 elementor-widget elementor-widget-text-editor\" data-id=\"b531da5\" data-element_type=\"widget\" data-e-type=\"widget\" data-settings=\"{&quot;ekit_we_effect_on&quot;:&quot;none&quot;}\" data-widget_type=\"text-editor.default\">\n\t\t\t\t\t\t\t\t\t<p><strong>Gelece\u011fin Futbol Y\u0131ld\u0131zlar\u0131<\/strong> Bu, 5 ila 18 ya\u015f aras\u0131 gen\u00e7 futbolcular\u0131n yeteneklerini g\u00fcvenli, denetimli ve \u015feffaf bir ortamda sergilemelerine yard\u0131mc\u0131 olmak amac\u0131yla olu\u015fturulmu\u015f uluslararas\u0131 bir futbol platformudur.<\/p>\t\t\t\t\t\t\t\t<\/div>\n\t\t\t\t<\/div>\n\t\t<div data-particle_enable=\"false\" data-particle-mobile-disabled=\"false\" class=\"elementor-element elementor-element-6d6bea9 e-con-full e-flex elementor-invisible e-con e-child\" data-id=\"6d6bea9\" data-element_type=\"container\" data-e-type=\"container\" data-settings=\"{&quot;animation&quot;:&quot;fadeInUp&quot;,&quot;animation_delay&quot;:400}\">\n\t\t\t\t<div class=\"elementor-element elementor-element-7a544f8 elementor-align-start elementor-icon-list--layout-traditional elementor-list-item-link-full_width elementor-widget elementor-widget-icon-list\" data-id=\"7a544f8\" data-element_type=\"widget\" data-e-type=\"widget\" data-settings=\"{&quot;ekit_we_effect_on&quot;:&quot;none&quot;}\" data-widget_type=\"icon-list.default\">\n\t\t\t\t\t\t\t<ul class=\"elementor-icon-list-items\">\n\t\t\t\t\t\t\t<li class=\"elementor-icon-list-item\">\n\t\t\t\t\t\t\t\t\t\t\t<span class=\"elementor-icon-list-icon\">\n\t\t\t\t\t\t\t<svg aria-hidden=\"true\" class=\"e-font-icon-svg e-fas-check-circle\" viewbox=\"0 0 512 512\" xmlns=\"http:\/\/www.w3.org\/2000\/svg\"><path d=\"M504 256c0 136.967-111.033 248-248 248S8 392.967 8 256 119.033 8 256 8s248 111.033 248 248zM227.314 387.314l184-184c6.248-6.248 6.248-16.379 0-22.627l-22.627-22.627c-6.248-6.249-16.379-6.249-22.628 0L216 308.118l-70.059-70.059c-6.248-6.248-16.379-6.248-22.628 0l-22.627 22.627c-6.248 6.248-6.248 16.379 0 22.627l104 104c6.249 6.249 16.379 6.249 22.628.001z\"><\/path><\/svg>\t\t\t\t\t\t<\/span>\n\t\t\t\t\t\t\t\t\t\t<span class=\"elementor-icon-list-text\">G\u00f6revimiz basit: Futbol hayallerini f\u0131rsatlara d\u00f6n\u00fc\u015ft\u00fcrmek.<\/span>\n\t\t\t\t\t\t\t\t\t<\/li>\n\t\t\t\t\t\t<\/ul>\n\t\t\t\t\t\t<\/div>\n\t\t\t\t<div class=\"elementor-element elementor-element-34afe24 elementor-widget elementor-widget-text-editor\" data-id=\"34afe24\" data-element_type=\"widget\" data-e-type=\"widget\" data-settings=\"{&quot;ekit_we_effect_on&quot;:&quot;none&quot;}\" data-widget_type=\"text-editor.default\">\n\t\t\t\t\t\t\t\t\t<p>Bir\u00e7ok ebeveynin temkinli davrand\u0131\u011f\u0131n\u0131 biliyoruz \u2013 ve s\u00f6z konusu \u00e7ocu\u011funuz oldu\u011funda bu do\u011fru bir yakla\u015f\u0131md\u0131r. \u0130\u015fte bu nedenle platformumuzdaki her \u015fey ebeveyn denetimleri ve \u015feffafl\u0131k ilkeleri temelinde tasarlanm\u0131\u015ft\u0131r:<\/p><ul><li>Profiller, yaln\u0131zca ebeveyn veya veli onay\u0131yla olu\u015fturulur ve y\u00f6netilir.<\/li><li>Hangi foto\u011fraf ve videolar\u0131n yay\u0131nlanaca\u011f\u0131na siz karar verirsiniz.<\/li><li>\u0130\u00e7eri\u011fi istedi\u011finiz zaman d\u00fczenleyebilir veya silebilirsiniz.<\/li><li>Ki\u015fisel ileti\u015fim bilgileri kamuya a\u00e7\u0131k olarak payla\u015f\u0131lmaz.<\/li><li>Gizli bir y\u00fck\u00fcml\u00fcl\u00fck yoktur.<\/li><\/ul>\t\t\t\t\t\t\t\t<\/div>\n\t\t\t\t<div class=\"elementor-element elementor-element-468d8c3 elementor-align-start elementor-icon-list--layout-traditional elementor-list-item-link-full_width elementor-widget elementor-widget-icon-list\" data-id=\"468d8c3\" data-element_type=\"widget\" data-e-type=\"widget\" data-settings=\"{&quot;ekit_we_effect_on&quot;:&quot;none&quot;}\" data-widget_type=\"icon-list.default\">\n\t\t\t\t\t\t\t<ul class=\"elementor-icon-list-items\">\n\t\t\t\t\t\t\t<li class=\"elementor-icon-list-item\">\n\t\t\t\t\t\t\t\t\t\t\t<span class=\"elementor-icon-list-icon\">\n\t\t\t\t\t\t\t<svg aria-hidden=\"true\" class=\"e-font-icon-svg e-fas-check-circle\" viewbox=\"0 0 512 512\" xmlns=\"http:\/\/www.w3.org\/2000\/svg\"><path d=\"M504 256c0 136.967-111.033 248-248 248S8 392.967 8 256 119.033 8 256 8s248 111.033 248 248zM227.314 387.314l184-184c6.248-6.248 6.248-16.379 0-22.627l-22.627-22.627c-6.248-6.249-16.379-6.249-22.628 0L216 308.118l-70.059-70.059c-6.248-6.248-16.379-6.248-22.628 0l-22.627 22.627c-6.248 6.248-6.248 16.379 0 22.627l104 104c6.249 6.249 16.379 6.249 22.628.001z\"><\/path><\/svg>\t\t\t\t\t\t<\/span>\n\t\t\t\t\t\t\t\t\t\t<span class=\"elementor-icon-list-text\">TOP XI nedir?<\/span>\n\t\t\t\t\t\t\t\t\t<\/li>\n\t\t\t\t\t\t<\/ul>\n\t\t\t\t\t\t<\/div>\n\t\t\t\t<div class=\"elementor-element elementor-element-ab32a8b elementor-widget elementor-widget-text-editor\" data-id=\"ab32a8b\" data-element_type=\"widget\" data-e-type=\"widget\" data-settings=\"{&quot;ekit_we_effect_on&quot;:&quot;none&quot;}\" data-widget_type=\"text-editor.default\">\n\t\t\t\t\t\t\t\t\t<p>TOP XI, gen\u00e7 futbolcular\u0131n \u00fclkelerindeki en iyi 11 oyuncu aras\u0131na se\u00e7ilmek i\u00e7in yar\u0131\u015ft\u0131klar\u0131 uluslararas\u0131 bir turnuvad\u0131r.<\/p><ul><li>Kat\u0131l\u0131m, platformda profili olan t\u00fcm oyunculara a\u00e7\u0131kt\u0131r.<\/li><li>Ebeveynler \u00e7ocuklar\u0131n\u0131 aday g\u00f6sterebilir<\/li><li>Oylama basit ve \u015feffaft\u0131r \u2013 her g\u00fcn bir oy.<\/li><li>S\u0131ralama listesi ger\u00e7ek zamanl\u0131 olarak g\u00f6r\u00fcnt\u00fclenebilir.<\/li><li>Kampanya s\u00fcresince, t\u00fcm yeni futbolculara 60 \u20ac de\u011ferinde \u00fccretsiz bir Temel profil sunuyoruz.<\/li><\/ul><p><strong>TOP XI se\u00e7iminin amac\u0131, gen\u00e7 oyunculara daha fazla g\u00f6r\u00fcn\u00fcrl\u00fck, motivasyon ve takdir kazand\u0131rmakt\u0131r.<\/strong><\/p>\t\t\t\t\t\t\t\t<\/div>\n\t\t\t\t<div class=\"elementor-element elementor-element-3557e54 elementor-align-start elementor-icon-list--layout-traditional elementor-list-item-link-full_width elementor-widget elementor-widget-icon-list\" data-id=\"3557e54\" data-element_type=\"widget\" data-e-type=\"widget\" data-settings=\"{&quot;ekit_we_effect_on&quot;:&quot;none&quot;}\" data-widget_type=\"icon-list.default\">\n\t\t\t\t\t\t\t<ul class=\"elementor-icon-list-items\">\n\t\t\t\t\t\t\t<li class=\"elementor-icon-list-item\">\n\t\t\t\t\t\t\t\t\t\t\t<span class=\"elementor-icon-list-icon\">\n\t\t\t\t\t\t\t<svg aria-hidden=\"true\" class=\"e-font-icon-svg e-fas-check-circle\" viewbox=\"0 0 512 512\" xmlns=\"http:\/\/www.w3.org\/2000\/svg\"><path d=\"M504 256c0 136.967-111.033 248-248 248S8 392.967 8 256 119.033 8 256 8s248 111.033 248 248zM227.314 387.314l184-184c6.248-6.248 6.248-16.379 0-22.627l-22.627-22.627c-6.248-6.249-16.379-6.249-22.628 0L216 308.118l-70.059-70.059c-6.248-6.248-16.379-6.248-22.628 0l-22.627 22.627c-6.248 6.248-6.248 16.379 0 22.627l104 104c6.249 6.249 16.379 6.249 22.628.001z\"><\/path><\/svg>\t\t\t\t\t\t<\/span>\n\t\t\t\t\t\t\t\t\t\t<span class=\"elementor-icon-list-text\">Taahh\u00fctlerimiz<\/span>\n\t\t\t\t\t\t\t\t\t<\/li>\n\t\t\t\t\t\t<\/ul>\n\t\t\t\t\t\t<\/div>\n\t\t\t\t<div class=\"elementor-element elementor-element-21b879d elementor-widget elementor-widget-text-editor\" data-id=\"21b879d\" data-element_type=\"widget\" data-e-type=\"widget\" data-settings=\"{&quot;ekit_we_effect_on&quot;:&quot;none&quot;}\" data-widget_type=\"text-editor.default\">\n\t\t\t\t\t\t\t\t\t<p>S\u00f6zle\u015fmeler ya da ger\u00e7ek\u00e7i olmayan sonu\u00e7lar vaat etmiyoruz. Sundu\u011fumuz \u015fey, profesyonel bir \u00e7evrimi\u00e7i varl\u0131k, g\u00f6r\u00fcn\u00fcrl\u00fck ve \u00e7ocu\u011funuzun futbol yolculu\u011funun takip edilip desteklenebilece\u011fi bir platformdur.<\/p><p>Bir\u00e7ok \u00fclkeden oyuncunun yer ald\u0131\u011f\u0131, b\u00fcy\u00fcmeye devam eden bir platformuz ve gen\u00e7 yeteneklere odaklanan k\u00fcresel bir a\u011f olu\u015fturuyoruz.<\/p><p>G\u00fcvenli. \u015eeffaf. Tamamen sizin kontrol\u00fcn\u00fcz alt\u0131nda.<\/p>\t\t\t\t\t\t\t\t<\/div>\n\t\t\t\t<div class=\"elementor-element elementor-element-f5435b0 at-heading-animation at-animation-heading-style-2 elementor-widget elementor-widget-heading\" data-id=\"f5435b0\" data-element_type=\"widget\" data-e-type=\"widget\" data-settings=\"{&quot;ekit_we_effect_on&quot;:&quot;none&quot;}\" data-widget_type=\"heading.default\">\n\t\t\t\t\t<h2 class=\"elementor-heading-title elementor-size-default\">\u00c7al\u0131\u015f, inan, <span>Bir Sonraki Futbol Y\u0131ld\u0131z\u0131 Ol. <\/span><\/h2>\t\t\t\t<\/div>\n\t\t\t\t<\/div>\n\t\t\t\t<\/div>\n\t\t\t\t<\/div>\n\t\t\t\t\t<\/div>\n\t\t\t\t<\/div>\n\t\t<div data-particle_enable=\"false\" data-particle-mobile-disabled=\"false\" class=\"elementor-element elementor-element-1c268e22 e-con-full e-flex e-con e-parent\" data-id=\"1c268e22\" data-element_type=\"container\" data-e-type=\"container\">\n\t\t\t\t<div class=\"elementor-element elementor-element-59d208fb elementor-widget elementor-widget-shortcode\" data-id=\"59d208fb\" data-element_type=\"widget\" data-e-type=\"widget\" data-settings=\"{&quot;ekit_we_effect_on&quot;:&quot;none&quot;}\" data-widget_type=\"shortcode.default\">\n\t\t\t\t\t\t\t<div class=\"elementor-shortcode\"><form id=\"forminator-module-22470\" class=\"forminator-custom-form forminator-custom-form-22470\" method=\"post\" data-forminator-render=\"0\" data-uid=\"69f0f8d53ad6f\" action=\"\"><div role=\"alert\" aria-live=\"polite\" class=\"forminator-response-message forminator-error\" aria-hidden=\"true\"><\/div><input type=\"hidden\" name=\"trp-form-language\" value=\"tr\"\/><\/form><\/div>\n\t\t\t\t\t\t<\/div>\n\t\t\t\t<\/div>\n\t\t\t\t<\/div>","protected":false},"excerpt":{"rendered":"<p>1. Korak &#8211; Popuni podatke roditelja Kreirajte profil roditelja za pristup platformi. [&hellip;]<\/p>\n","protected":false},"author":3,"featured_media":0,"parent":0,"menu_order":0,"comment_status":"closed","ping_status":"closed","template":"","meta":{"_acf_changed":false,"footnotes":""},"class_list":["post-22527","page","type-page","status-publish","hentry"],"acf":[],"_links":{"self":[{"href":"https:\/\/nextfootballstars.com\/tr\/wp-json\/wp\/v2\/pages\/22527","targetHints":{"allow":["GET"]}}],"collection":[{"href":"https:\/\/nextfootballstars.com\/tr\/wp-json\/wp\/v2\/pages"}],"about":[{"href":"https:\/\/nextfootballstars.com\/tr\/wp-json\/wp\/v2\/types\/page"}],"author":[{"embeddable":true,"href":"https:\/\/nextfootballstars.com\/tr\/wp-json\/wp\/v2\/users\/3"}],"replies":[{"embeddable":true,"href":"https:\/\/nextfootballstars.com\/tr\/wp-json\/wp\/v2\/comments?post=22527"}],"version-history":[{"count":10,"href":"https:\/\/nextfootballstars.com\/tr\/wp-json\/wp\/v2\/pages\/22527\/revisions"}],"predecessor-version":[{"id":22864,"href":"https:\/\/nextfootballstars.com\/tr\/wp-json\/wp\/v2\/pages\/22527\/revisions\/22864"}],"wp:attachment":[{"href":"https:\/\/nextfootballstars.com\/tr\/wp-json\/wp\/v2\/media?parent=22527"}],"curies":[{"name":"wp","href":"https:\/\/api.w.org\/{rel}","templated":true}]}}